{"id":36,"date":"2022-01-30T12:57:28","date_gmt":"2022-01-30T12:57:28","guid":{"rendered":"https:\/\/okosamfund.dk\/?page_id=36"},"modified":"2025-02-08T20:13:48","modified_gmt":"2025-02-08T20:13:48","slug":"kontakt","status":"publish","type":"page","link":"https:\/\/birketrolden.dk\/?page_id=36","title":{"rendered":"Kontakt"},"content":{"rendered":"\t\t<div data-elementor-type=\"wp-page\" data-elementor-id=\"36\" class=\"elementor elementor-36\" data-elementor-settings=\"{&quot;ha_cmc_init_switcher&quot;:&quot;no&quot;}\">\n\t\t\t\t<div class=\"elementor-element elementor-element-3e3a286 e-grid e-con-boxed e-con e-parent\" data-id=\"3e3a286\" data-element_type=\"container\" data-e-type=\"container\" data-settings=\"{&quot;_ha_eqh_enable&quot;:false}\">\n\t\t\t\t\t<div class=\"e-con-inner\">\n\t\t\t\t<div class=\"elementor-element elementor-element-d85beb9 elementor-widget elementor-widget-image\" data-id=\"d85beb9\" data-element_type=\"widget\" data-e-type=\"widget\" data-widget_type=\"image.default\">\n\t\t\t\t<div class=\"elementor-widget-container\">\n\t\t\t\t\t\t\t\t\t\t\t\t\t\t\t<img fetchpriority=\"high\" decoding=\"async\" width=\"1024\" height=\"768\" src=\"https:\/\/birketrolden.dk\/wp-content\/uploads\/2025\/01\/nyt-billede-1-1024x768.jpg\" class=\"attachment-large size-large wp-image-13724\" alt=\"\" srcset=\"https:\/\/birketrolden.dk\/wp-content\/uploads\/2025\/01\/nyt-billede-1-1024x768.jpg 1024w, https:\/\/birketrolden.dk\/wp-content\/uploads\/2025\/01\/nyt-billede-1-300x225.jpg 300w, https:\/\/birketrolden.dk\/wp-content\/uploads\/2025\/01\/nyt-billede-1-768x576.jpg 768w, https:\/\/birketrolden.dk\/wp-content\/uploads\/2025\/01\/nyt-billede-1-1536x1152.jpg 1536w, https:\/\/birketrolden.dk\/wp-content\/uploads\/2025\/01\/nyt-billede-1-2048x1536.jpg 2048w\" sizes=\"(max-width: 1024px) 100vw, 1024px\" \/>\t\t\t\t\t\t\t\t\t\t\t\t\t\t\t<\/div>\n\t\t\t\t<\/div>\n\t\t<div class=\"elementor-element elementor-element-3bc0418 e-con-full e-flex e-con e-child\" data-id=\"3bc0418\" data-element_type=\"container\" data-e-type=\"container\" data-settings=\"{&quot;_ha_eqh_enable&quot;:false}\">\n\t\t\t\t<div class=\"elementor-element elementor-element-a2abe24 elementor-widget elementor-widget-heading\" data-id=\"a2abe24\" data-element_type=\"widget\" data-e-type=\"widget\" data-widget_type=\"heading.default\">\n\t\t\t\t<div class=\"elementor-widget-container\">\n\t\t\t\t\t<h2 class=\"elementor-heading-title elementor-size-default\">Kontakt birketroldens beboergruppe<\/h2>\t\t\t\t<\/div>\n\t\t\t\t<\/div>\n\t\t<div class=\"elementor-element elementor-element-947e463 e-con-full e-flex e-con e-child\" data-id=\"947e463\" data-element_type=\"container\" data-e-type=\"container\" data-settings=\"{&quot;_ha_eqh_enable&quot;:false}\">\n\t\t\t\t<div class=\"elementor-element elementor-element-d6d670d elementor-widget elementor-widget-text-editor\" data-id=\"d6d670d\" data-element_type=\"widget\" data-e-type=\"widget\" data-widget_type=\"text-editor.default\">\n\t\t\t\t<div class=\"elementor-widget-container\">\n\t\t\t\t\t\t\t\t\t<p>Mail: <a href=\"mailto:Birketrolden@gmail.com\">birketrolden@gmail.com<\/a><\/p>\t\t\t\t\t\t\t\t<\/div>\n\t\t\t\t<\/div>\n\t\t\t\t<\/div>\n\t\t\t\t<\/div>\n\t\t<div class=\"elementor-element elementor-element-ce3c2c6 e-con-full e-flex e-con e-child\" data-id=\"ce3c2c6\" data-element_type=\"container\" data-e-type=\"container\" data-settings=\"{&quot;_ha_eqh_enable&quot;:false}\">\n\t\t<div class=\"elementor-element elementor-element-b5daf70 e-con-full e-flex e-con e-child\" data-id=\"b5daf70\" data-element_type=\"container\" data-e-type=\"container\" data-settings=\"{&quot;_ha_eqh_enable&quot;:false}\">\n\t\t\t\t<div class=\"elementor-element elementor-element-2011581 elementor-widget elementor-widget-heading\" data-id=\"2011581\" data-element_type=\"widget\" data-e-type=\"widget\" data-widget_type=\"heading.default\">\n\t\t\t\t<div class=\"elementor-widget-container\">\n\t\t\t\t\t<h2 class=\"elementor-heading-title elementor-size-default\">Kontakt B\u00e6rebo APS<\/h2>\t\t\t\t<\/div>\n\t\t\t\t<\/div>\n\t\t\t\t<div class=\"elementor-element elementor-element-ecb673d elementor-widget elementor-widget-text-editor\" data-id=\"ecb673d\" data-element_type=\"widget\" data-e-type=\"widget\" data-widget_type=\"text-editor.default\">\n\t\t\t\t<div class=\"elementor-widget-container\">\n\t\t\t\t\t\t\t\t\t<p>Mail: <a href=\"mailto:info@baerebo.dk\">info@baerebo.dk<\/a><\/p><p>Hjemmeside: <a href=\"https:\/\/www.baerebo.org\/\">B\u00e6rebo<\/a><\/p>\t\t\t\t\t\t\t\t<\/div>\n\t\t\t\t<\/div>\n\t\t\t\t<\/div>\n\t\t\t\t<\/div>\n\t\t\t\t<div class=\"elementor-element elementor-element-faa9558 elementor-widget elementor-widget-image\" data-id=\"faa9558\" data-element_type=\"widget\" data-e-type=\"widget\" data-widget_type=\"image.default\">\n\t\t\t\t<div class=\"elementor-widget-container\">\n\t\t\t\t\t\t\t\t\t\t\t\t\t\t\t<img decoding=\"async\" width=\"200\" height=\"200\" src=\"https:\/\/birketrolden.dk\/wp-content\/uploads\/2025\/02\/Baerebo-logo-gennemsigtig.png\" class=\"attachment-large size-large wp-image-14264\" alt=\"\" srcset=\"https:\/\/birketrolden.dk\/wp-content\/uploads\/2025\/02\/Baerebo-logo-gennemsigtig.png 200w, https:\/\/birketrolden.dk\/wp-content\/uploads\/2025\/02\/Baerebo-logo-gennemsigtig-150x150.png 150w\" sizes=\"(max-width: 200px) 100vw, 200px\" \/>\t\t\t\t\t\t\t\t\t\t\t\t\t\t\t<\/div>\n\t\t\t\t<\/div>\n\t\t\t\t\t<\/div>\n\t\t\t\t<\/div>\n\t\t\t\t<\/div>\n\t\t","protected":false},"excerpt":{"rendered":"<p>Kontakt birketroldens beboergruppe Mail: birketrolden@gmail.com Kontakt B\u00e6rebo APS Mail: info@baerebo.dk Hjemmeside: B\u00e6rebo<\/p>\n","protected":false},"author":2,"featured_media":0,"parent":0,"menu_order":0,"comment_status":"closed","ping_status":"closed","template":"","meta":{"ocean_post_layout":"","ocean_both_sidebars_style":"","ocean_both_sidebars_content_width":0,"ocean_both_sidebars_sidebars_width":0,"ocean_sidebar":"0","ocean_second_sidebar":"0","ocean_disable_margins":"enable","ocean_add_body_class":"","ocean_shortcode_before_top_bar":"","ocean_shortcode_after_top_bar":"","ocean_shortcode_before_header":"","ocean_shortcode_after_header":"","ocean_has_shortcode":"","ocean_shortcode_after_title":"","ocean_shortcode_before_footer_widgets":"","ocean_shortcode_after_footer_widgets":"","ocean_shortcode_before_footer_bottom":"","ocean_shortcode_after_footer_bottom":"","ocean_display_top_bar":"default","ocean_display_header":"default","ocean_header_style":"","ocean_center_header_left_menu":"0","ocean_custom_header_template":"0","ocean_custom_logo":0,"ocean_custom_retina_logo":0,"ocean_custom_logo_max_width":0,"ocean_custom_logo_tablet_max_width":0,"ocean_custom_logo_mobile_max_width":0,"ocean_custom_logo_max_height":0,"ocean_custom_logo_tablet_max_height":0,"ocean_custom_logo_mobile_max_height":0,"ocean_header_custom_menu":"0","ocean_menu_typo_font_family":"0","ocean_menu_typo_font_subset":"","ocean_menu_typo_font_size":0,"ocean_menu_typo_font_size_tablet":0,"ocean_menu_typo_font_size_mobile":0,"ocean_menu_typo_font_size_unit":"px","ocean_menu_typo_font_weight":"","ocean_menu_typo_font_weight_tablet":"","ocean_menu_typo_font_weight_mobile":"","ocean_menu_typo_transform":"","ocean_menu_typo_transform_tablet":"","ocean_menu_typo_transform_mobile":"","ocean_menu_typo_line_height":0,"ocean_menu_typo_line_height_tablet":0,"ocean_menu_typo_line_height_mobile":0,"ocean_menu_typo_line_height_unit":"","ocean_menu_typo_spacing":0,"ocean_menu_typo_spacing_tablet":0,"ocean_menu_typo_spacing_mobile":0,"ocean_menu_typo_spacing_unit":"","ocean_menu_link_color":"","ocean_menu_link_color_hover":"","ocean_menu_link_color_active":"","ocean_menu_link_background":"","ocean_menu_link_hover_background":"","ocean_menu_link_active_background":"","ocean_menu_social_links_bg":"","ocean_menu_social_hover_links_bg":"","ocean_menu_social_links_color":"","ocean_menu_social_hover_links_color":"","ocean_disable_title":"default","ocean_disable_heading":"default","ocean_post_title":"","ocean_post_subheading":"","ocean_post_title_style":"","ocean_post_title_background_color":"","ocean_post_title_background":0,"ocean_post_title_bg_image_position":"","ocean_post_title_bg_image_attachment":"","ocean_post_title_bg_image_repeat":"","ocean_post_title_bg_image_size":"","ocean_post_title_height":0,"ocean_post_title_bg_overlay":0.5,"ocean_post_title_bg_overlay_color":"","ocean_disable_breadcrumbs":"default","ocean_breadcrumbs_color":"","ocean_breadcrumbs_separator_color":"","ocean_breadcrumbs_links_color":"","ocean_breadcrumbs_links_hover_color":"","ocean_display_footer_widgets":"default","ocean_display_footer_bottom":"default","ocean_custom_footer_template":"0","footnotes":""},"class_list":["post-36","page","type-page","status-publish","hentry","entry"],"yoast_head":"<!-- This site is optimized with the Yoast SEO plugin v27.4 - https:\/\/yoast.com\/product\/yoast-seo-wordpress\/ -->\n<title>Kontakt - Birketrolden<\/title>\n<meta name=\"robots\" content=\"index, follow, max-snippet:-1, max-image-preview:large, max-video-preview:-1\" \/>\n<link rel=\"canonical\" href=\"https:\/\/birketrolden.dk\/?page_id=36\" \/>\n<meta property=\"og:locale\" content=\"da_DK\" \/>\n<meta property=\"og:type\" content=\"article\" \/>\n<meta property=\"og:title\" content=\"Kontakt - Birketrolden\" \/>\n<meta property=\"og:description\" content=\"Kontakt birketroldens beboergruppe Mail: birketrolden@gmail.com Kontakt B\u00e6rebo APS Mail: info@baerebo.dk Hjemmeside: B\u00e6rebo\" \/>\n<meta property=\"og:url\" content=\"https:\/\/birketrolden.dk\/?page_id=36\" \/>\n<meta property=\"og:site_name\" content=\"Birketrolden\" \/>\n<meta property=\"article:modified_time\" content=\"2025-02-08T20:13:48+00:00\" \/>\n<meta property=\"og:image\" content=\"https:\/\/birketrolden.dk\/wp-content\/uploads\/2025\/01\/nyt-billede-1-scaled.jpg\" \/>\n\t<meta property=\"og:image:width\" content=\"2560\" \/>\n\t<meta property=\"og:image:height\" content=\"1920\" \/>\n\t<meta property=\"og:image:type\" content=\"image\/jpeg\" \/>\n<meta name=\"twitter:card\" content=\"summary_large_image\" \/>\n<meta name=\"twitter:label1\" content=\"Estimeret l\u00e6setid\" \/>\n\t<meta name=\"twitter:data1\" content=\"1 minut\" \/>\n<script type=\"application\/ld+json\" class=\"yoast-schema-graph\">{\"@context\":\"https:\\\/\\\/schema.org\",\"@graph\":[{\"@type\":\"WebPage\",\"@id\":\"https:\\\/\\\/birketrolden.dk\\\/?page_id=36\",\"url\":\"https:\\\/\\\/birketrolden.dk\\\/?page_id=36\",\"name\":\"Kontakt - Birketrolden\",\"isPartOf\":{\"@id\":\"https:\\\/\\\/birketrolden.dk\\\/#website\"},\"primaryImageOfPage\":{\"@id\":\"https:\\\/\\\/birketrolden.dk\\\/?page_id=36#primaryimage\"},\"image\":{\"@id\":\"https:\\\/\\\/birketrolden.dk\\\/?page_id=36#primaryimage\"},\"thumbnailUrl\":\"https:\\\/\\\/birketrolden.dk\\\/wp-content\\\/uploads\\\/2025\\\/01\\\/nyt-billede-1-1024x768.jpg\",\"datePublished\":\"2022-01-30T12:57:28+00:00\",\"dateModified\":\"2025-02-08T20:13:48+00:00\",\"breadcrumb\":{\"@id\":\"https:\\\/\\\/birketrolden.dk\\\/?page_id=36#breadcrumb\"},\"inLanguage\":\"da-DK\",\"potentialAction\":[{\"@type\":\"ReadAction\",\"target\":[\"https:\\\/\\\/birketrolden.dk\\\/?page_id=36\"]}]},{\"@type\":\"ImageObject\",\"inLanguage\":\"da-DK\",\"@id\":\"https:\\\/\\\/birketrolden.dk\\\/?page_id=36#primaryimage\",\"url\":\"https:\\\/\\\/birketrolden.dk\\\/wp-content\\\/uploads\\\/2025\\\/01\\\/nyt-billede-1-scaled.jpg\",\"contentUrl\":\"https:\\\/\\\/birketrolden.dk\\\/wp-content\\\/uploads\\\/2025\\\/01\\\/nyt-billede-1-scaled.jpg\",\"width\":2560,\"height\":1920,\"caption\":\"Beboerm\u00f8de p\u00e5 Selmas g\u00e5rd 2024\"},{\"@type\":\"BreadcrumbList\",\"@id\":\"https:\\\/\\\/birketrolden.dk\\\/?page_id=36#breadcrumb\",\"itemListElement\":[{\"@type\":\"ListItem\",\"position\":1,\"name\":\"Home\",\"item\":\"https:\\\/\\\/birketrolden.dk\\\/\"},{\"@type\":\"ListItem\",\"position\":2,\"name\":\"Kontakt\"}]},{\"@type\":\"WebSite\",\"@id\":\"https:\\\/\\\/birketrolden.dk\\\/#website\",\"url\":\"https:\\\/\\\/birketrolden.dk\\\/\",\"name\":\"Birketrolden\",\"description\":\"\",\"publisher\":{\"@id\":\"https:\\\/\\\/birketrolden.dk\\\/#organization\"},\"potentialAction\":[{\"@type\":\"SearchAction\",\"target\":{\"@type\":\"EntryPoint\",\"urlTemplate\":\"https:\\\/\\\/birketrolden.dk\\\/?s={search_term_string}\"},\"query-input\":{\"@type\":\"PropertyValueSpecification\",\"valueRequired\":true,\"valueName\":\"search_term_string\"}}],\"inLanguage\":\"da-DK\"},{\"@type\":\"Organization\",\"@id\":\"https:\\\/\\\/birketrolden.dk\\\/#organization\",\"name\":\"Birketrolden\",\"url\":\"https:\\\/\\\/birketrolden.dk\\\/\",\"logo\":{\"@type\":\"ImageObject\",\"inLanguage\":\"da-DK\",\"@id\":\"https:\\\/\\\/birketrolden.dk\\\/#\\\/schema\\\/logo\\\/image\\\/\",\"url\":\"https:\\\/\\\/birketrolden.dk\\\/wp-content\\\/uploads\\\/2026\\\/02\\\/birketrolden_logo.png\",\"contentUrl\":\"https:\\\/\\\/birketrolden.dk\\\/wp-content\\\/uploads\\\/2026\\\/02\\\/birketrolden_logo.png\",\"width\":934,\"height\":925,\"caption\":\"Birketrolden\"},\"image\":{\"@id\":\"https:\\\/\\\/birketrolden.dk\\\/#\\\/schema\\\/logo\\\/image\\\/\"}}]}<\/script>\n<!-- \/ Yoast SEO plugin. -->","yoast_head_json":{"title":"Kontakt - Birketrolden","robots":{"index":"index","follow":"follow","max-snippet":"max-snippet:-1","max-image-preview":"max-image-preview:large","max-video-preview":"max-video-preview:-1"},"canonical":"https:\/\/birketrolden.dk\/?page_id=36","og_locale":"da_DK","og_type":"article","og_title":"Kontakt - Birketrolden","og_description":"Kontakt birketroldens beboergruppe Mail: birketrolden@gmail.com Kontakt B\u00e6rebo APS Mail: info@baerebo.dk Hjemmeside: B\u00e6rebo","og_url":"https:\/\/birketrolden.dk\/?page_id=36","og_site_name":"Birketrolden","article_modified_time":"2025-02-08T20:13:48+00:00","og_image":[{"width":2560,"height":1920,"url":"https:\/\/birketrolden.dk\/wp-content\/uploads\/2025\/01\/nyt-billede-1-scaled.jpg","type":"image\/jpeg"}],"twitter_card":"summary_large_image","twitter_misc":{"Estimeret l\u00e6setid":"1 minut"},"schema":{"@context":"https:\/\/schema.org","@graph":[{"@type":"WebPage","@id":"https:\/\/birketrolden.dk\/?page_id=36","url":"https:\/\/birketrolden.dk\/?page_id=36","name":"Kontakt - Birketrolden","isPartOf":{"@id":"https:\/\/birketrolden.dk\/#website"},"primaryImageOfPage":{"@id":"https:\/\/birketrolden.dk\/?page_id=36#primaryimage"},"image":{"@id":"https:\/\/birketrolden.dk\/?page_id=36#primaryimage"},"thumbnailUrl":"https:\/\/birketrolden.dk\/wp-content\/uploads\/2025\/01\/nyt-billede-1-1024x768.jpg","datePublished":"2022-01-30T12:57:28+00:00","dateModified":"2025-02-08T20:13:48+00:00","breadcrumb":{"@id":"https:\/\/birketrolden.dk\/?page_id=36#breadcrumb"},"inLanguage":"da-DK","potentialAction":[{"@type":"ReadAction","target":["https:\/\/birketrolden.dk\/?page_id=36"]}]},{"@type":"ImageObject","inLanguage":"da-DK","@id":"https:\/\/birketrolden.dk\/?page_id=36#primaryimage","url":"https:\/\/birketrolden.dk\/wp-content\/uploads\/2025\/01\/nyt-billede-1-scaled.jpg","contentUrl":"https:\/\/birketrolden.dk\/wp-content\/uploads\/2025\/01\/nyt-billede-1-scaled.jpg","width":2560,"height":1920,"caption":"Beboerm\u00f8de p\u00e5 Selmas g\u00e5rd 2024"},{"@type":"BreadcrumbList","@id":"https:\/\/birketrolden.dk\/?page_id=36#breadcrumb","itemListElement":[{"@type":"ListItem","position":1,"name":"Home","item":"https:\/\/birketrolden.dk\/"},{"@type":"ListItem","position":2,"name":"Kontakt"}]},{"@type":"WebSite","@id":"https:\/\/birketrolden.dk\/#website","url":"https:\/\/birketrolden.dk\/","name":"Birketrolden","description":"","publisher":{"@id":"https:\/\/birketrolden.dk\/#organization"},"potentialAction":[{"@type":"SearchAction","target":{"@type":"EntryPoint","urlTemplate":"https:\/\/birketrolden.dk\/?s={search_term_string}"},"query-input":{"@type":"PropertyValueSpecification","valueRequired":true,"valueName":"search_term_string"}}],"inLanguage":"da-DK"},{"@type":"Organization","@id":"https:\/\/birketrolden.dk\/#organization","name":"Birketrolden","url":"https:\/\/birketrolden.dk\/","logo":{"@type":"ImageObject","inLanguage":"da-DK","@id":"https:\/\/birketrolden.dk\/#\/schema\/logo\/image\/","url":"https:\/\/birketrolden.dk\/wp-content\/uploads\/2026\/02\/birketrolden_logo.png","contentUrl":"https:\/\/birketrolden.dk\/wp-content\/uploads\/2026\/02\/birketrolden_logo.png","width":934,"height":925,"caption":"Birketrolden"},"image":{"@id":"https:\/\/birketrolden.dk\/#\/schema\/logo\/image\/"}}]}},"_links":{"self":[{"href":"https:\/\/birketrolden.dk\/index.php?rest_route=\/wp\/v2\/pages\/36","targetHints":{"allow":["GET"]}}],"collection":[{"href":"https:\/\/birketrolden.dk\/index.php?rest_route=\/wp\/v2\/pages"}],"about":[{"href":"https:\/\/birketrolden.dk\/index.php?rest_route=\/wp\/v2\/types\/page"}],"author":[{"embeddable":true,"href":"https:\/\/birketrolden.dk\/index.php?rest_route=\/wp\/v2\/users\/2"}],"replies":[{"embeddable":true,"href":"https:\/\/birketrolden.dk\/index.php?rest_route=%2Fwp%2Fv2%2Fcomments&post=36"}],"version-history":[{"count":46,"href":"https:\/\/birketrolden.dk\/index.php?rest_route=\/wp\/v2\/pages\/36\/revisions"}],"predecessor-version":[{"id":14288,"href":"https:\/\/birketrolden.dk\/index.php?rest_route=\/wp\/v2\/pages\/36\/revisions\/14288"}],"wp:attachment":[{"href":"https:\/\/birketrolden.dk\/index.php?rest_route=%2Fwp%2Fv2%2Fmedia&parent=36"}],"curies":[{"name":"wp","href":"https:\/\/api.w.org\/{rel}","templated":true}]}}