{"id":27,"date":"2022-01-30T12:55:59","date_gmt":"2022-01-30T12:55:59","guid":{"rendered":"https:\/\/okosamfund.dk\/?page_id=27"},"modified":"2025-07-15T21:42:35","modified_gmt":"2025-07-15T21:42:35","slug":"om-los","status":"publish","type":"page","link":"https:\/\/birketrolden.dk\/?page_id=27","title":{"rendered":"OM OS"},"content":{"rendered":"\t\t<div data-elementor-type=\"wp-page\" data-elementor-id=\"27\" class=\"elementor elementor-27\" data-elementor-settings=\"{&quot;ha_cmc_init_switcher&quot;:&quot;no&quot;}\">\n\t\t\t\t<div class=\"elementor-element elementor-element-1d0428d e-flex e-con-boxed e-con e-parent\" data-id=\"1d0428d\" data-element_type=\"container\" data-e-type=\"container\" data-settings=\"{&quot;_ha_eqh_enable&quot;:false}\">\n\t\t\t\t\t<div class=\"e-con-inner\">\n\t\t<div class=\"elementor-element elementor-element-c760c22 e-con-full e-flex e-con e-child\" data-id=\"c760c22\" data-element_type=\"container\" data-e-type=\"container\" data-settings=\"{&quot;_ha_eqh_enable&quot;:false}\">\n\t\t\t\t<div class=\"elementor-element elementor-element-7136559 elementor-widget elementor-widget-spacer\" data-id=\"7136559\" data-element_type=\"widget\" data-e-type=\"widget\" data-widget_type=\"spacer.default\">\n\t\t\t\t<div class=\"elementor-widget-container\">\n\t\t\t\t\t\t\t<div class=\"elementor-spacer\">\n\t\t\t<div class=\"elementor-spacer-inner\"><\/div>\n\t\t<\/div>\n\t\t\t\t\t\t<\/div>\n\t\t\t\t<\/div>\n\t\t\t\t<div class=\"elementor-element elementor-element-fd80898 elementor-widget elementor-widget-heading\" data-id=\"fd80898\" data-element_type=\"widget\" data-e-type=\"widget\" data-widget_type=\"heading.default\">\n\t\t\t\t<div class=\"elementor-widget-container\">\n\t\t\t\t\t<h2 class=\"elementor-heading-title elementor-size-default\">Om os<\/h2>\t\t\t\t<\/div>\n\t\t\t\t<\/div>\n\t\t\t\t<div class=\"elementor-element elementor-element-0b19152 elementor-widget elementor-widget-text-editor\" data-id=\"0b19152\" data-element_type=\"widget\" data-e-type=\"widget\" data-widget_type=\"text-editor.default\">\n\t\t\t\t<div class=\"elementor-widget-container\">\n\t\t\t\t\t\t\t\t\t<p><span class=\"wixui-rich-text__text\">Birketrolden er et ungt bof\u00e6llesskab, grundlagt af\u00a0<\/span><span class=\"wixui-rich-text__text\"><a class=\"wixui-rich-text__text\" href=\"https:\/\/www.baerebo.org\/\" target=\"_blank\" rel=\"noreferrer noopener\">B\u00e6rebo<\/a>\u00a0<\/span><span class=\"wixui-rich-text__text\">i samarbejde med HusCompagniet, der st\u00e5r for at opf\u00f8re huse i tr\u00e6 og svanem\u00e6rkede materialer.\u00a0<\/span><span style=\"font-size: 20px; text-align: var(--text-align);\">Vi havde rejsegilde den 14.01.24 og vi flyttede ind i juni 2025. Beboergruppen har inden da arbejdet p\u00e5 at danne f\u00e6lleskabet og udvikle f\u00e6lles visioner og v\u00e6rdier for Birketrolden.\u00a0<\/span><\/p>\t\t\t\t\t\t\t\t<\/div>\n\t\t\t\t<\/div>\n\t\t\t\t<div class=\"elementor-element elementor-element-d90774f elementor-widget__width-initial elementor-widget elementor-widget-video\" data-id=\"d90774f\" data-element_type=\"widget\" data-e-type=\"widget\" data-settings=\"{&quot;youtube_url&quot;:&quot;https:\\\/\\\/youtu.be\\\/6bvi1yotfRE&quot;,&quot;video_type&quot;:&quot;youtube&quot;,&quot;controls&quot;:&quot;yes&quot;}\" data-widget_type=\"video.default\">\n\t\t\t\t<div class=\"elementor-widget-container\">\n\t\t\t\t\t\t\t<div class=\"elementor-wrapper elementor-open-inline\">\n\t\t\t<div class=\"elementor-video\"><\/div>\t\t<\/div>\n\t\t\t\t\t\t<\/div>\n\t\t\t\t<\/div>\n\t\t\t\t<\/div>\n\t\t\t\t\t<\/div>\n\t\t\t\t<\/div>\n\t\t<div class=\"elementor-element elementor-element-71b725b e-flex e-con-boxed e-con e-parent\" data-id=\"71b725b\" data-element_type=\"container\" data-e-type=\"container\" data-settings=\"{&quot;_ha_eqh_enable&quot;:false}\">\n\t\t\t\t\t<div class=\"e-con-inner\">\n\t\t\t\t<div class=\"elementor-element elementor-element-9652b1f elementor-widget elementor-widget-heading\" data-id=\"9652b1f\" data-element_type=\"widget\" data-e-type=\"widget\" data-widget_type=\"heading.default\">\n\t\t\t\t<div class=\"elementor-widget-container\">\n\t\t\t\t\t<h3 class=\"elementor-heading-title elementor-size-default\">Birketrolden er et v\u00e6rdibaseret f\u00e6llesskab - HER VORES PROFIL<\/h3>\t\t\t\t<\/div>\n\t\t\t\t<\/div>\n\t\t<div class=\"elementor-element elementor-element-5949579 e-con-full e-flex e-con e-child\" data-id=\"5949579\" data-element_type=\"container\" data-e-type=\"container\" data-settings=\"{&quot;_ha_eqh_enable&quot;:false}\">\n\t\t<div class=\"elementor-element elementor-element-0d3db75 e-grid e-con-full e-con e-child\" data-id=\"0d3db75\" data-element_type=\"container\" data-e-type=\"container\" data-settings=\"{&quot;_ha_eqh_enable&quot;:false}\">\n\t\t\t\t<div class=\"elementor-element elementor-element-3ff6d8b elementor-widget elementor-widget-image\" data-id=\"3ff6d8b\" data-element_type=\"widget\" data-e-type=\"widget\" data-widget_type=\"image.default\">\n\t\t\t\t<div class=\"elementor-widget-container\">\n\t\t\t\t\t\t\t\t\t\t\t\t\t\t\t<img fetchpriority=\"high\" decoding=\"async\" width=\"822\" height=\"288\" src=\"https:\/\/birketrolden.dk\/wp-content\/uploads\/2025\/01\/Screenshot-2025-01-28-203548.jpg\" class=\"attachment-large size-large wp-image-13601\" alt=\"\" srcset=\"https:\/\/birketrolden.dk\/wp-content\/uploads\/2025\/01\/Screenshot-2025-01-28-203548.jpg 822w, https:\/\/birketrolden.dk\/wp-content\/uploads\/2025\/01\/Screenshot-2025-01-28-203548-300x105.jpg 300w, https:\/\/birketrolden.dk\/wp-content\/uploads\/2025\/01\/Screenshot-2025-01-28-203548-768x269.jpg 768w\" sizes=\"(max-width: 822px) 100vw, 822px\" \/>\t\t\t\t\t\t\t\t\t\t\t\t\t\t\t<\/div>\n\t\t\t\t<\/div>\n\t\t\t\t<div class=\"elementor-element elementor-element-ea99e5f elementor-widget elementor-widget-image\" data-id=\"ea99e5f\" data-element_type=\"widget\" data-e-type=\"widget\" data-widget_type=\"image.default\">\n\t\t\t\t<div class=\"elementor-widget-container\">\n\t\t\t\t\t\t\t\t\t\t\t\t\t\t\t<img decoding=\"async\" width=\"813\" height=\"286\" src=\"https:\/\/birketrolden.dk\/wp-content\/uploads\/2025\/01\/Screenshot-2025-01-28-203502-e1738094511663.jpg\" class=\"attachment-large size-large wp-image-13603\" alt=\"\" srcset=\"https:\/\/birketrolden.dk\/wp-content\/uploads\/2025\/01\/Screenshot-2025-01-28-203502-e1738094511663.jpg 813w, https:\/\/birketrolden.dk\/wp-content\/uploads\/2025\/01\/Screenshot-2025-01-28-203502-e1738094511663-300x106.jpg 300w, https:\/\/birketrolden.dk\/wp-content\/uploads\/2025\/01\/Screenshot-2025-01-28-203502-e1738094511663-768x270.jpg 768w\" sizes=\"(max-width: 813px) 100vw, 813px\" \/>\t\t\t\t\t\t\t\t\t\t\t\t\t\t\t<\/div>\n\t\t\t\t<\/div>\n\t\t\t\t<\/div>\n\t\t\t\t<\/div>\n\t\t\t\t<div class=\"elementor-element elementor-element-1b4a5ca elementor-widget elementor-widget-text-editor\" data-id=\"1b4a5ca\" data-element_type=\"widget\" data-e-type=\"widget\" data-widget_type=\"text-editor.default\">\n\t\t\t\t<div class=\"elementor-widget-container\">\n\t\t\t\t\t\t\t\t\t<p class=\"font_8 wixui-rich-text__text\"><span class=\"wixui-rich-text__text\">Bof\u00e6llesskabet Birketrolden er et&nbsp;<strong>aldersblandet&nbsp;<\/strong>bof\u00e6llesskab. Der er plads til b\u00e5de&nbsp;<strong>unge,&nbsp;b\u00f8rnefamilier,&nbsp;enlige,&nbsp;par&nbsp;<\/strong>og&nbsp;<strong>seniorer<\/strong>.<\/span><\/p>\n<p class=\"font_8 wixui-rich-text__text\"><span class=\"wixui-rich-text__text\">Det er et&nbsp;<strong>bidragende&nbsp;<\/strong>bof\u00e6llesskab, hvor f\u00e6llesskabet fylder, b\u00e5de til hverdag og fest. <\/span><span class=\"wixui-rich-text__text\">Beboerne forventes at engagere sig ved at deltage i&nbsp;<strong>f\u00e6llesspisningens turnus (madhold hver 6. uge), til arbejdsdage, f\u00e6llesm\u00f8der, arbejdsgrupper og interessegrupper.<\/strong><\/span><\/p>\n<p class=\"font_8 wixui-rich-text__text\"><span class=\"wixui-rich-text__text\">Man&nbsp;<strong>arbejder sammen<\/strong>&nbsp;om at skabe et bof\u00e6llesskab, der s\u00e6tter&nbsp;<strong>b\u00e6redygtighed, kreativitet, socialt engagement og mangfoldighed<\/strong> h\u00f8jt. F\u00e6llesskabets styrke udforskes, mens der&nbsp;<strong>v\u00e6rnes om privatlivet og balancen mellem det kollektive og det individuelle<\/strong>, i respekt for livsfaser, personligheder og pr\u00e6ferencer.<\/span><\/p>\n<p class=\"font_8 wixui-rich-text__text\"><span class=\"wixui-rich-text__text\"><strong>Dialog, nysgerrighed<\/strong> <strong>overfor forskelligheder, gensidig inspiration samt menneskelig rummelighed<\/strong>&nbsp;er v\u00e6rdier, der s\u00e6ttes h\u00f8jt.<\/span><\/p>\n<p class=\"font_8 wixui-rich-text__text\"><span class=\"wixui-rich-text__text\">Beboerne \u00f8nsker at leve sammen i&nbsp;<strong>tillid og under ansvar, uden for mange regler<\/strong>.&nbsp;Det skal v\u00e6re muligt at&nbsp;<strong>engagere sig meget<\/strong>&nbsp;&#8211; men ogs\u00e5 at&nbsp;<strong>engagere sig mindre<\/strong>. Uenigheder forebygges gennem konstruktiv dialog og s\u00f8ges l\u00f8st ved intern mediering.<\/span><\/p>\n<p class=\"font_8 wixui-rich-text__text\"><span class=\"wixui-rich-text__text\">Mindre husdyrhold og&nbsp;<strong>f\u00e6lles gr\u00f8ntsagsdyrkning<\/strong>&nbsp;er en del af mulighedspaletten.<\/span><\/p>\n<p class=\"font_8 wixui-rich-text__text\"><span class=\"wixui-rich-text__text\">Vigtigt for bof\u00e6llesskabet er et godt&nbsp;<strong>samkvem med lokalsamfundet<\/strong>, herunder beboernes aktive medvirken til, at bydelen Troldebakkerne styrker en oprindelig vision med&nbsp;<strong>biodiversitet, rekreative omr\u00e5der og f\u00e6llesskaber p\u00e5 tv\u00e6rs.<\/strong><\/span><\/p>\t\t\t\t\t\t\t\t<\/div>\n\t\t\t\t<\/div>\n\t\t\t\t\t<\/div>\n\t\t\t\t<\/div>\n\t\t\t\t<\/div>\n\t\t","protected":false},"excerpt":{"rendered":"<p>Om os Birketrolden er et ungt bof\u00e6llesskab, grundlagt af\u00a0B\u00e6rebo\u00a0i samarbejde med HusCompagniet, der st\u00e5r for at opf\u00f8re huse i tr\u00e6 og svanem\u00e6rkede materialer.\u00a0Vi havde rejsegilde den 14.01.24 og vi flyttede ind i juni 2025. Beboergruppen har inden da arbejdet p\u00e5 at danne f\u00e6lleskabet og udvikle f\u00e6lles visioner og v\u00e6rdier for Birketrolden.\u00a0 https:\/\/youtu.be\/6bvi1yotfRE Birketrolden er et [&hellip;]<\/p>\n","protected":false},"author":2,"featured_media":0,"parent":0,"menu_order":1,"comment_status":"closed","ping_status":"closed","template":"","meta":{"ocean_post_layout":"","ocean_both_sidebars_style":"","ocean_both_sidebars_content_width":0,"ocean_both_sidebars_sidebars_width":0,"ocean_sidebar":"0","ocean_second_sidebar":"0","ocean_disable_margins":"enable","ocean_add_body_class":"","ocean_shortcode_before_top_bar":"","ocean_shortcode_after_top_bar":"","ocean_shortcode_before_header":"","ocean_shortcode_after_header":"","ocean_has_shortcode":"","ocean_shortcode_after_title":"","ocean_shortcode_before_footer_widgets":"","ocean_shortcode_after_footer_widgets":"","ocean_shortcode_before_footer_bottom":"","ocean_shortcode_after_footer_bottom":"","ocean_display_top_bar":"default","ocean_display_header":"default","ocean_header_style":"","ocean_center_header_left_menu":"0","ocean_custom_header_template":"0","ocean_custom_logo":0,"ocean_custom_retina_logo":0,"ocean_custom_logo_max_width":0,"ocean_custom_logo_tablet_max_width":0,"ocean_custom_logo_mobile_max_width":0,"ocean_custom_logo_max_height":0,"ocean_custom_logo_tablet_max_height":0,"ocean_custom_logo_mobile_max_height":0,"ocean_header_custom_menu":"0","ocean_menu_typo_font_family":"0","ocean_menu_typo_font_subset":"","ocean_menu_typo_font_size":0,"ocean_menu_typo_font_size_tablet":0,"ocean_menu_typo_font_size_mobile":0,"ocean_menu_typo_font_size_unit":"px","ocean_menu_typo_font_weight":"","ocean_menu_typo_font_weight_tablet":"","ocean_menu_typo_font_weight_mobile":"","ocean_menu_typo_transform":"","ocean_menu_typo_transform_tablet":"","ocean_menu_typo_transform_mobile":"","ocean_menu_typo_line_height":0,"ocean_menu_typo_line_height_tablet":0,"ocean_menu_typo_line_height_mobile":0,"ocean_menu_typo_line_height_unit":"","ocean_menu_typo_spacing":0,"ocean_menu_typo_spacing_tablet":0,"ocean_menu_typo_spacing_mobile":0,"ocean_menu_typo_spacing_unit":"","ocean_menu_link_color":"","ocean_menu_link_color_hover":"","ocean_menu_link_color_active":"","ocean_menu_link_background":"","ocean_menu_link_hover_background":"","ocean_menu_link_active_background":"","ocean_menu_social_links_bg":"","ocean_menu_social_hover_links_bg":"","ocean_menu_social_links_color":"","ocean_menu_social_hover_links_color":"","ocean_disable_title":"default","ocean_disable_heading":"default","ocean_post_title":"","ocean_post_subheading":"","ocean_post_title_style":"","ocean_post_title_background_color":"","ocean_post_title_background":0,"ocean_post_title_bg_image_position":"","ocean_post_title_bg_image_attachment":"","ocean_post_title_bg_image_repeat":"","ocean_post_title_bg_image_size":"","ocean_post_title_height":0,"ocean_post_title_bg_overlay":0.5,"ocean_post_title_bg_overlay_color":"","ocean_disable_breadcrumbs":"default","ocean_breadcrumbs_color":"","ocean_breadcrumbs_separator_color":"","ocean_breadcrumbs_links_color":"","ocean_breadcrumbs_links_hover_color":"","ocean_display_footer_widgets":"default","ocean_display_footer_bottom":"default","ocean_custom_footer_template":"0","footnotes":""},"class_list":["post-27","page","type-page","status-publish","hentry","entry"],"yoast_head":"<!-- This site is optimized with the Yoast SEO plugin v27.4 - https:\/\/yoast.com\/product\/yoast-seo-wordpress\/ -->\n<title>OM OS - Birketrolden<\/title>\n<meta name=\"robots\" content=\"index, follow, max-snippet:-1, max-image-preview:large, max-video-preview:-1\" \/>\n<link rel=\"canonical\" href=\"https:\/\/birketrolden.dk\/?page_id=27\" \/>\n<meta property=\"og:locale\" content=\"da_DK\" \/>\n<meta property=\"og:type\" content=\"article\" \/>\n<meta property=\"og:title\" content=\"OM OS - Birketrolden\" \/>\n<meta property=\"og:description\" content=\"Om os Birketrolden er et ungt bof\u00e6llesskab, grundlagt af\u00a0B\u00e6rebo\u00a0i samarbejde med HusCompagniet, der st\u00e5r for at opf\u00f8re huse i tr\u00e6 og svanem\u00e6rkede materialer.\u00a0Vi havde rejsegilde den 14.01.24 og vi flyttede ind i juni 2025. Beboergruppen har inden da arbejdet p\u00e5 at danne f\u00e6lleskabet og udvikle f\u00e6lles visioner og v\u00e6rdier for Birketrolden.\u00a0 https:\/\/youtu.be\/6bvi1yotfRE Birketrolden er et [&hellip;]\" \/>\n<meta property=\"og:url\" content=\"https:\/\/birketrolden.dk\/?page_id=27\" \/>\n<meta property=\"og:site_name\" content=\"Birketrolden\" \/>\n<meta property=\"article:modified_time\" content=\"2025-07-15T21:42:35+00:00\" \/>\n<meta property=\"og:image\" content=\"https:\/\/birketrolden.dk\/wp-content\/uploads\/2025\/01\/Screenshot-2025-01-28-203548.jpg\" \/>\n\t<meta property=\"og:image:width\" content=\"822\" \/>\n\t<meta property=\"og:image:height\" content=\"288\" \/>\n\t<meta property=\"og:image:type\" content=\"image\/jpeg\" \/>\n<meta name=\"twitter:card\" content=\"summary_large_image\" \/>\n<meta name=\"twitter:label1\" content=\"Estimeret l\u00e6setid\" \/>\n\t<meta name=\"twitter:data1\" content=\"2 minutter\" \/>\n<script type=\"application\/ld+json\" class=\"yoast-schema-graph\">{\"@context\":\"https:\\\/\\\/schema.org\",\"@graph\":[{\"@type\":\"WebPage\",\"@id\":\"https:\\\/\\\/birketrolden.dk\\\/?page_id=27\",\"url\":\"https:\\\/\\\/birketrolden.dk\\\/?page_id=27\",\"name\":\"OM OS - Birketrolden\",\"isPartOf\":{\"@id\":\"https:\\\/\\\/birketrolden.dk\\\/#website\"},\"primaryImageOfPage\":{\"@id\":\"https:\\\/\\\/birketrolden.dk\\\/?page_id=27#primaryimage\"},\"image\":{\"@id\":\"https:\\\/\\\/birketrolden.dk\\\/?page_id=27#primaryimage\"},\"thumbnailUrl\":\"https:\\\/\\\/birketrolden.dk\\\/wp-content\\\/uploads\\\/2025\\\/01\\\/Screenshot-2025-01-28-203548.jpg\",\"datePublished\":\"2022-01-30T12:55:59+00:00\",\"dateModified\":\"2025-07-15T21:42:35+00:00\",\"breadcrumb\":{\"@id\":\"https:\\\/\\\/birketrolden.dk\\\/?page_id=27#breadcrumb\"},\"inLanguage\":\"da-DK\",\"potentialAction\":[{\"@type\":\"ReadAction\",\"target\":[\"https:\\\/\\\/birketrolden.dk\\\/?page_id=27\"]}]},{\"@type\":\"ImageObject\",\"inLanguage\":\"da-DK\",\"@id\":\"https:\\\/\\\/birketrolden.dk\\\/?page_id=27#primaryimage\",\"url\":\"https:\\\/\\\/birketrolden.dk\\\/wp-content\\\/uploads\\\/2025\\\/01\\\/Screenshot-2025-01-28-203548.jpg\",\"contentUrl\":\"https:\\\/\\\/birketrolden.dk\\\/wp-content\\\/uploads\\\/2025\\\/01\\\/Screenshot-2025-01-28-203548.jpg\",\"width\":822,\"height\":288,\"caption\":\"Rejsegilde januar 2024. Nabo b\u00f8rnehaven hjalp med hammer og s\u00f8m.\"},{\"@type\":\"BreadcrumbList\",\"@id\":\"https:\\\/\\\/birketrolden.dk\\\/?page_id=27#breadcrumb\",\"itemListElement\":[{\"@type\":\"ListItem\",\"position\":1,\"name\":\"Home\",\"item\":\"https:\\\/\\\/birketrolden.dk\\\/\"},{\"@type\":\"ListItem\",\"position\":2,\"name\":\"OM OS\"}]},{\"@type\":\"WebSite\",\"@id\":\"https:\\\/\\\/birketrolden.dk\\\/#website\",\"url\":\"https:\\\/\\\/birketrolden.dk\\\/\",\"name\":\"Birketrolden\",\"description\":\"\",\"publisher\":{\"@id\":\"https:\\\/\\\/birketrolden.dk\\\/#organization\"},\"potentialAction\":[{\"@type\":\"SearchAction\",\"target\":{\"@type\":\"EntryPoint\",\"urlTemplate\":\"https:\\\/\\\/birketrolden.dk\\\/?s={search_term_string}\"},\"query-input\":{\"@type\":\"PropertyValueSpecification\",\"valueRequired\":true,\"valueName\":\"search_term_string\"}}],\"inLanguage\":\"da-DK\"},{\"@type\":\"Organization\",\"@id\":\"https:\\\/\\\/birketrolden.dk\\\/#organization\",\"name\":\"Birketrolden\",\"url\":\"https:\\\/\\\/birketrolden.dk\\\/\",\"logo\":{\"@type\":\"ImageObject\",\"inLanguage\":\"da-DK\",\"@id\":\"https:\\\/\\\/birketrolden.dk\\\/#\\\/schema\\\/logo\\\/image\\\/\",\"url\":\"https:\\\/\\\/birketrolden.dk\\\/wp-content\\\/uploads\\\/2026\\\/02\\\/birketrolden_logo.png\",\"contentUrl\":\"https:\\\/\\\/birketrolden.dk\\\/wp-content\\\/uploads\\\/2026\\\/02\\\/birketrolden_logo.png\",\"width\":934,\"height\":925,\"caption\":\"Birketrolden\"},\"image\":{\"@id\":\"https:\\\/\\\/birketrolden.dk\\\/#\\\/schema\\\/logo\\\/image\\\/\"}}]}<\/script>\n<!-- \/ Yoast SEO plugin. -->","yoast_head_json":{"title":"OM OS - Birketrolden","robots":{"index":"index","follow":"follow","max-snippet":"max-snippet:-1","max-image-preview":"max-image-preview:large","max-video-preview":"max-video-preview:-1"},"canonical":"https:\/\/birketrolden.dk\/?page_id=27","og_locale":"da_DK","og_type":"article","og_title":"OM OS - Birketrolden","og_description":"Om os Birketrolden er et ungt bof\u00e6llesskab, grundlagt af\u00a0B\u00e6rebo\u00a0i samarbejde med HusCompagniet, der st\u00e5r for at opf\u00f8re huse i tr\u00e6 og svanem\u00e6rkede materialer.\u00a0Vi havde rejsegilde den 14.01.24 og vi flyttede ind i juni 2025. Beboergruppen har inden da arbejdet p\u00e5 at danne f\u00e6lleskabet og udvikle f\u00e6lles visioner og v\u00e6rdier for Birketrolden.\u00a0 https:\/\/youtu.be\/6bvi1yotfRE Birketrolden er et [&hellip;]","og_url":"https:\/\/birketrolden.dk\/?page_id=27","og_site_name":"Birketrolden","article_modified_time":"2025-07-15T21:42:35+00:00","og_image":[{"width":822,"height":288,"url":"https:\/\/birketrolden.dk\/wp-content\/uploads\/2025\/01\/Screenshot-2025-01-28-203548.jpg","type":"image\/jpeg"}],"twitter_card":"summary_large_image","twitter_misc":{"Estimeret l\u00e6setid":"2 minutter"},"schema":{"@context":"https:\/\/schema.org","@graph":[{"@type":"WebPage","@id":"https:\/\/birketrolden.dk\/?page_id=27","url":"https:\/\/birketrolden.dk\/?page_id=27","name":"OM OS - Birketrolden","isPartOf":{"@id":"https:\/\/birketrolden.dk\/#website"},"primaryImageOfPage":{"@id":"https:\/\/birketrolden.dk\/?page_id=27#primaryimage"},"image":{"@id":"https:\/\/birketrolden.dk\/?page_id=27#primaryimage"},"thumbnailUrl":"https:\/\/birketrolden.dk\/wp-content\/uploads\/2025\/01\/Screenshot-2025-01-28-203548.jpg","datePublished":"2022-01-30T12:55:59+00:00","dateModified":"2025-07-15T21:42:35+00:00","breadcrumb":{"@id":"https:\/\/birketrolden.dk\/?page_id=27#breadcrumb"},"inLanguage":"da-DK","potentialAction":[{"@type":"ReadAction","target":["https:\/\/birketrolden.dk\/?page_id=27"]}]},{"@type":"ImageObject","inLanguage":"da-DK","@id":"https:\/\/birketrolden.dk\/?page_id=27#primaryimage","url":"https:\/\/birketrolden.dk\/wp-content\/uploads\/2025\/01\/Screenshot-2025-01-28-203548.jpg","contentUrl":"https:\/\/birketrolden.dk\/wp-content\/uploads\/2025\/01\/Screenshot-2025-01-28-203548.jpg","width":822,"height":288,"caption":"Rejsegilde januar 2024. Nabo b\u00f8rnehaven hjalp med hammer og s\u00f8m."},{"@type":"BreadcrumbList","@id":"https:\/\/birketrolden.dk\/?page_id=27#breadcrumb","itemListElement":[{"@type":"ListItem","position":1,"name":"Home","item":"https:\/\/birketrolden.dk\/"},{"@type":"ListItem","position":2,"name":"OM OS"}]},{"@type":"WebSite","@id":"https:\/\/birketrolden.dk\/#website","url":"https:\/\/birketrolden.dk\/","name":"Birketrolden","description":"","publisher":{"@id":"https:\/\/birketrolden.dk\/#organization"},"potentialAction":[{"@type":"SearchAction","target":{"@type":"EntryPoint","urlTemplate":"https:\/\/birketrolden.dk\/?s={search_term_string}"},"query-input":{"@type":"PropertyValueSpecification","valueRequired":true,"valueName":"search_term_string"}}],"inLanguage":"da-DK"},{"@type":"Organization","@id":"https:\/\/birketrolden.dk\/#organization","name":"Birketrolden","url":"https:\/\/birketrolden.dk\/","logo":{"@type":"ImageObject","inLanguage":"da-DK","@id":"https:\/\/birketrolden.dk\/#\/schema\/logo\/image\/","url":"https:\/\/birketrolden.dk\/wp-content\/uploads\/2026\/02\/birketrolden_logo.png","contentUrl":"https:\/\/birketrolden.dk\/wp-content\/uploads\/2026\/02\/birketrolden_logo.png","width":934,"height":925,"caption":"Birketrolden"},"image":{"@id":"https:\/\/birketrolden.dk\/#\/schema\/logo\/image\/"}}]}},"_links":{"self":[{"href":"https:\/\/birketrolden.dk\/index.php?rest_route=\/wp\/v2\/pages\/27","targetHints":{"allow":["GET"]}}],"collection":[{"href":"https:\/\/birketrolden.dk\/index.php?rest_route=\/wp\/v2\/pages"}],"about":[{"href":"https:\/\/birketrolden.dk\/index.php?rest_route=\/wp\/v2\/types\/page"}],"author":[{"embeddable":true,"href":"https:\/\/birketrolden.dk\/index.php?rest_route=\/wp\/v2\/users\/2"}],"replies":[{"embeddable":true,"href":"https:\/\/birketrolden.dk\/index.php?rest_route=%2Fwp%2Fv2%2Fcomments&post=27"}],"version-history":[{"count":52,"href":"https:\/\/birketrolden.dk\/index.php?rest_route=\/wp\/v2\/pages\/27\/revisions"}],"predecessor-version":[{"id":14432,"href":"https:\/\/birketrolden.dk\/index.php?rest_route=\/wp\/v2\/pages\/27\/revisions\/14432"}],"wp:attachment":[{"href":"https:\/\/birketrolden.dk\/index.php?rest_route=%2Fwp%2Fv2%2Fmedia&parent=27"}],"curies":[{"name":"wp","href":"https:\/\/api.w.org\/{rel}","templated":true}]}}