{"id":13995,"date":"2025-01-31T10:39:50","date_gmt":"2025-01-31T10:39:50","guid":{"rendered":"https:\/\/birketrolden.dk\/?page_id=13995"},"modified":"2025-03-31T10:24:17","modified_gmt":"2025-03-31T10:24:17","slug":"baeredygtighed","status":"publish","type":"page","link":"https:\/\/birketrolden.dk\/?page_id=13995","title":{"rendered":"B\u00e6redygtighed"},"content":{"rendered":"<h2>TANKER OM B\u00e6redygtighed I BIRKETROLDEN<\/h2>\n<p>I Birketrolden forst\u00e5r vi b\u00e6redygtighed i en bredere forstand end hensynet til naturen \u2013 og mere end blot en strategi til at h\u00e5ndtere klimakrisen.\u00a0<\/p>\n<p>For os er det en m\u00e5de at v\u00e6re i verden p\u00e5; en livspraksis, der bygger p\u00e5 omtanke, sammenh\u00e6ng og respekt \u2013 for hinanden, for jorden og for dem, der kommer efter os.<\/p>\n<p>Vi \u00f8ver os sammen i en helhedsorienteret tilgang til livet, hvor vi gent\u00e6nker boformer, relationer, \u00f8konomi og vores m\u00e5de at bruge ressourcer p\u00e5. At leve i f\u00e6llesskab giver os mulighed for at dele ansvar og ressourcer, styrke det sociale v\u00e6v og st\u00f8tte hinandens trivsel.<\/p>\n<p>Centralt st\u00e5r \u00f8nsket om at bev\u00e6ge os v\u00e6k fra det line\u00e6re v\u00e6kstparadigme, der har bragt os ud p\u00e5 klimasammenbruddets rand. I stedet \u00f8ver vi os i at leve efter cirkul\u00e6re og regenererende principper \u2013 hvor vi ikke kun bruger, men ogs\u00e5 genopbygger og giver tilbage til jorden og til selve livet &#8211; Det handler om respekt for livet, og om at leve p\u00e5 m\u00e5der, der sikrer, at livgivende ressourcer ogs\u00e5 er tilg\u00e6ngelige for kommende generationer.<\/p>\n<p>P\u00e5 vores f\u00e6lles jordlod dyrker vi mad efter permakultur-principper og arbejder hen imod etablering af en skovhave. Begge metoder hj\u00e6lper os med at opbygge jordens frugtbarhed og skabe systemer, der kr\u00e6ver mindre energi og hvor vi giver tilbage til naturen. Vi er i gang med at etablere en delebilsordning, anskaffe brugte cykler som f\u00e6lles l\u00e5nemulighed og vi har solceller, s\u00e5 en stor del af vores forbrug d\u00e6kkes af vedvarende energi.<\/p>\n<p>At bo i Birketrolden inviterer os til at omfavne b\u00e6redygtighed som en levepraksis, der forbinder det n\u00e6re med det store, og som giver os mulighed for at leve mere meningsfuldt \u2013 med respekt for selve livet.\u00a0\ud83c\udf3f<\/p>\n<h2>Jorden er ikke en gave fra vore forf\u00e6dre<br \/>\nDen er et l\u00e5n fra vore b\u00f8rn.<\/h2>\n<h3>\n<p>Birketrolden er medlem af landsforeningen for \u00f8kosamfund<\/h3>\n<p style=\"font-weight: 400;\">Som medlem af <a href=\"https:\/\/okosamfund.dk\" target=\"_blank\" rel=\"noopener\">Landsforeningen for \u00d8kosamfund (L\u00d8S)<\/a> st\u00f8tter Birketrolden op om det f\u00e6llesskab og den bev\u00e6gelse, der arbejder for b\u00e6redygtige leveformer, \u00f8kologiske f\u00e6llesskaber og regenerativ udvikling i Danmark.<\/p>\n<p style=\"font-weight: 400;\">Vi ser det her som vigtigt at v\u00e6re en del af et st\u00f8rre netv\u00e6rk, hvor vi kan dele erfaringer, hente inspiration og bidrage til den samfundsomstilling, vi selv er en del af. L\u00d8S giver en stemme til bof\u00e6llesskaber og \u00f8kosamfund og arbejder politisk og praktisk for at fremme mere b\u00e6redygtige, livsduelige og f\u00e6llesskabsorienterede m\u00e5der at bo og leve p\u00e5. Det er en vision, vi i Birketrolden f\u00f8ler os dybt forbundet med.<\/p>\n","protected":false},"excerpt":{"rendered":"<p>TANKER OM B\u00e6redygtighed I BIRKETROLDEN I Birketrolden forst\u00e5r vi b\u00e6redygtighed i en bredere forstand end hensynet til naturen \u2013 og mere end blot en strategi til at h\u00e5ndtere klimakrisen.\u00a0 For os er det en m\u00e5de at v\u00e6re i verden p\u00e5; en livspraksis, der bygger p\u00e5 omtanke, sammenh\u00e6ng og respekt \u2013 for hinanden, for jorden og [&hellip;]<\/p>\n","protected":false},"author":3,"featured_media":0,"parent":27,"menu_order":0,"comment_status":"closed","ping_status":"closed","template":"","meta":{"ocean_post_layout":"","ocean_both_sidebars_style":"","ocean_both_sidebars_content_width":0,"ocean_both_sidebars_sidebars_width":0,"ocean_sidebar":"0","ocean_second_sidebar":"0","ocean_disable_margins":"enable","ocean_add_body_class":"","ocean_shortcode_before_top_bar":"","ocean_shortcode_after_top_bar":"","ocean_shortcode_before_header":"","ocean_shortcode_after_header":"","ocean_has_shortcode":"","ocean_shortcode_after_title":"","ocean_shortcode_before_footer_widgets":"","ocean_shortcode_after_footer_widgets":"","ocean_shortcode_before_footer_bottom":"","ocean_shortcode_after_footer_bottom":"","ocean_display_top_bar":"default","ocean_display_header":"default","ocean_header_style":"","ocean_center_header_left_menu":"0","ocean_custom_header_template":"0","ocean_custom_logo":0,"ocean_custom_retina_logo":0,"ocean_custom_logo_max_width":0,"ocean_custom_logo_tablet_max_width":0,"ocean_custom_logo_mobile_max_width":0,"ocean_custom_logo_max_height":0,"ocean_custom_logo_tablet_max_height":0,"ocean_custom_logo_mobile_max_height":0,"ocean_header_custom_menu":"0","ocean_menu_typo_font_family":"0","ocean_menu_typo_font_subset":"","ocean_menu_typo_font_size":0,"ocean_menu_typo_font_size_tablet":0,"ocean_menu_typo_font_size_mobile":0,"ocean_menu_typo_font_size_unit":"px","ocean_menu_typo_font_weight":"","ocean_menu_typo_font_weight_tablet":"","ocean_menu_typo_font_weight_mobile":"","ocean_menu_typo_transform":"","ocean_menu_typo_transform_tablet":"","ocean_menu_typo_transform_mobile":"","ocean_menu_typo_line_height":0,"ocean_menu_typo_line_height_tablet":0,"ocean_menu_typo_line_height_mobile":0,"ocean_menu_typo_line_height_unit":"","ocean_menu_typo_spacing":0,"ocean_menu_typo_spacing_tablet":0,"ocean_menu_typo_spacing_mobile":0,"ocean_menu_typo_spacing_unit":"","ocean_menu_link_color":"","ocean_menu_link_color_hover":"","ocean_menu_link_color_active":"","ocean_menu_link_background":"","ocean_menu_link_hover_background":"","ocean_menu_link_active_background":"","ocean_menu_social_links_bg":"","ocean_menu_social_hover_links_bg":"","ocean_menu_social_links_color":"","ocean_menu_social_hover_links_color":"","ocean_disable_title":"default","ocean_disable_heading":"default","ocean_post_title":"","ocean_post_subheading":"","ocean_post_title_style":"","ocean_post_title_background_color":"","ocean_post_title_background":0,"ocean_post_title_bg_image_position":"","ocean_post_title_bg_image_attachment":"","ocean_post_title_bg_image_repeat":"","ocean_post_title_bg_image_size":"","ocean_post_title_height":0,"ocean_post_title_bg_overlay":0.5,"ocean_post_title_bg_overlay_color":"","ocean_disable_breadcrumbs":"default","ocean_breadcrumbs_color":"","ocean_breadcrumbs_separator_color":"","ocean_breadcrumbs_links_color":"","ocean_breadcrumbs_links_hover_color":"","ocean_display_footer_widgets":"default","ocean_display_footer_bottom":"default","ocean_custom_footer_template":"0","footnotes":""},"class_list":["post-13995","page","type-page","status-publish","hentry","entry"],"yoast_head":"<!-- This site is optimized with the Yoast SEO plugin v27.4 - https:\/\/yoast.com\/product\/yoast-seo-wordpress\/ -->\n<title>B\u00e6redygtighed - Birketrolden<\/title>\n<meta name=\"robots\" content=\"index, follow, max-snippet:-1, max-image-preview:large, max-video-preview:-1\" \/>\n<link rel=\"canonical\" href=\"https:\/\/birketrolden.dk\/?page_id=13995\" \/>\n<meta property=\"og:locale\" content=\"da_DK\" \/>\n<meta property=\"og:type\" content=\"article\" \/>\n<meta property=\"og:title\" content=\"B\u00e6redygtighed - Birketrolden\" \/>\n<meta property=\"og:description\" content=\"TANKER OM B\u00e6redygtighed I BIRKETROLDEN I Birketrolden forst\u00e5r vi b\u00e6redygtighed i en bredere forstand end hensynet til naturen \u2013 og mere end blot en strategi til at h\u00e5ndtere klimakrisen.\u00a0 For os er det en m\u00e5de at v\u00e6re i verden p\u00e5; en livspraksis, der bygger p\u00e5 omtanke, sammenh\u00e6ng og respekt \u2013 for hinanden, for jorden og [&hellip;]\" \/>\n<meta property=\"og:url\" content=\"https:\/\/birketrolden.dk\/?page_id=13995\" \/>\n<meta property=\"og:site_name\" content=\"Birketrolden\" \/>\n<meta property=\"article:modified_time\" content=\"2025-03-31T10:24:17+00:00\" \/>\n<meta name=\"twitter:card\" content=\"summary_large_image\" \/>\n<meta name=\"twitter:label1\" content=\"Estimeret l\u00e6setid\" \/>\n\t<meta name=\"twitter:data1\" content=\"3 minutter\" \/>\n<script type=\"application\/ld+json\" class=\"yoast-schema-graph\">{\"@context\":\"https:\\\/\\\/schema.org\",\"@graph\":[{\"@type\":\"WebPage\",\"@id\":\"https:\\\/\\\/birketrolden.dk\\\/?page_id=13995\",\"url\":\"https:\\\/\\\/birketrolden.dk\\\/?page_id=13995\",\"name\":\"B\u00e6redygtighed - Birketrolden\",\"isPartOf\":{\"@id\":\"https:\\\/\\\/birketrolden.dk\\\/#website\"},\"datePublished\":\"2025-01-31T10:39:50+00:00\",\"dateModified\":\"2025-03-31T10:24:17+00:00\",\"breadcrumb\":{\"@id\":\"https:\\\/\\\/birketrolden.dk\\\/?page_id=13995#breadcrumb\"},\"inLanguage\":\"da-DK\",\"potentialAction\":[{\"@type\":\"ReadAction\",\"target\":[\"https:\\\/\\\/birketrolden.dk\\\/?page_id=13995\"]}]},{\"@type\":\"BreadcrumbList\",\"@id\":\"https:\\\/\\\/birketrolden.dk\\\/?page_id=13995#breadcrumb\",\"itemListElement\":[{\"@type\":\"ListItem\",\"position\":1,\"name\":\"Home\",\"item\":\"https:\\\/\\\/birketrolden.dk\\\/\"},{\"@type\":\"ListItem\",\"position\":2,\"name\":\"OM OS\",\"item\":\"https:\\\/\\\/birketrolden.dk\\\/?page_id=27\"},{\"@type\":\"ListItem\",\"position\":3,\"name\":\"B\u00e6redygtighed\"}]},{\"@type\":\"WebSite\",\"@id\":\"https:\\\/\\\/birketrolden.dk\\\/#website\",\"url\":\"https:\\\/\\\/birketrolden.dk\\\/\",\"name\":\"Birketrolden\",\"description\":\"\",\"publisher\":{\"@id\":\"https:\\\/\\\/birketrolden.dk\\\/#organization\"},\"potentialAction\":[{\"@type\":\"SearchAction\",\"target\":{\"@type\":\"EntryPoint\",\"urlTemplate\":\"https:\\\/\\\/birketrolden.dk\\\/?s={search_term_string}\"},\"query-input\":{\"@type\":\"PropertyValueSpecification\",\"valueRequired\":true,\"valueName\":\"search_term_string\"}}],\"inLanguage\":\"da-DK\"},{\"@type\":\"Organization\",\"@id\":\"https:\\\/\\\/birketrolden.dk\\\/#organization\",\"name\":\"Birketrolden\",\"url\":\"https:\\\/\\\/birketrolden.dk\\\/\",\"logo\":{\"@type\":\"ImageObject\",\"inLanguage\":\"da-DK\",\"@id\":\"https:\\\/\\\/birketrolden.dk\\\/#\\\/schema\\\/logo\\\/image\\\/\",\"url\":\"https:\\\/\\\/birketrolden.dk\\\/wp-content\\\/uploads\\\/2026\\\/02\\\/birketrolden_logo.png\",\"contentUrl\":\"https:\\\/\\\/birketrolden.dk\\\/wp-content\\\/uploads\\\/2026\\\/02\\\/birketrolden_logo.png\",\"width\":934,\"height\":925,\"caption\":\"Birketrolden\"},\"image\":{\"@id\":\"https:\\\/\\\/birketrolden.dk\\\/#\\\/schema\\\/logo\\\/image\\\/\"}}]}<\/script>\n<!-- \/ Yoast SEO plugin. -->","yoast_head_json":{"title":"B\u00e6redygtighed - Birketrolden","robots":{"index":"index","follow":"follow","max-snippet":"max-snippet:-1","max-image-preview":"max-image-preview:large","max-video-preview":"max-video-preview:-1"},"canonical":"https:\/\/birketrolden.dk\/?page_id=13995","og_locale":"da_DK","og_type":"article","og_title":"B\u00e6redygtighed - Birketrolden","og_description":"TANKER OM B\u00e6redygtighed I BIRKETROLDEN I Birketrolden forst\u00e5r vi b\u00e6redygtighed i en bredere forstand end hensynet til naturen \u2013 og mere end blot en strategi til at h\u00e5ndtere klimakrisen.\u00a0 For os er det en m\u00e5de at v\u00e6re i verden p\u00e5; en livspraksis, der bygger p\u00e5 omtanke, sammenh\u00e6ng og respekt \u2013 for hinanden, for jorden og [&hellip;]","og_url":"https:\/\/birketrolden.dk\/?page_id=13995","og_site_name":"Birketrolden","article_modified_time":"2025-03-31T10:24:17+00:00","twitter_card":"summary_large_image","twitter_misc":{"Estimeret l\u00e6setid":"3 minutter"},"schema":{"@context":"https:\/\/schema.org","@graph":[{"@type":"WebPage","@id":"https:\/\/birketrolden.dk\/?page_id=13995","url":"https:\/\/birketrolden.dk\/?page_id=13995","name":"B\u00e6redygtighed - Birketrolden","isPartOf":{"@id":"https:\/\/birketrolden.dk\/#website"},"datePublished":"2025-01-31T10:39:50+00:00","dateModified":"2025-03-31T10:24:17+00:00","breadcrumb":{"@id":"https:\/\/birketrolden.dk\/?page_id=13995#breadcrumb"},"inLanguage":"da-DK","potentialAction":[{"@type":"ReadAction","target":["https:\/\/birketrolden.dk\/?page_id=13995"]}]},{"@type":"BreadcrumbList","@id":"https:\/\/birketrolden.dk\/?page_id=13995#breadcrumb","itemListElement":[{"@type":"ListItem","position":1,"name":"Home","item":"https:\/\/birketrolden.dk\/"},{"@type":"ListItem","position":2,"name":"OM OS","item":"https:\/\/birketrolden.dk\/?page_id=27"},{"@type":"ListItem","position":3,"name":"B\u00e6redygtighed"}]},{"@type":"WebSite","@id":"https:\/\/birketrolden.dk\/#website","url":"https:\/\/birketrolden.dk\/","name":"Birketrolden","description":"","publisher":{"@id":"https:\/\/birketrolden.dk\/#organization"},"potentialAction":[{"@type":"SearchAction","target":{"@type":"EntryPoint","urlTemplate":"https:\/\/birketrolden.dk\/?s={search_term_string}"},"query-input":{"@type":"PropertyValueSpecification","valueRequired":true,"valueName":"search_term_string"}}],"inLanguage":"da-DK"},{"@type":"Organization","@id":"https:\/\/birketrolden.dk\/#organization","name":"Birketrolden","url":"https:\/\/birketrolden.dk\/","logo":{"@type":"ImageObject","inLanguage":"da-DK","@id":"https:\/\/birketrolden.dk\/#\/schema\/logo\/image\/","url":"https:\/\/birketrolden.dk\/wp-content\/uploads\/2026\/02\/birketrolden_logo.png","contentUrl":"https:\/\/birketrolden.dk\/wp-content\/uploads\/2026\/02\/birketrolden_logo.png","width":934,"height":925,"caption":"Birketrolden"},"image":{"@id":"https:\/\/birketrolden.dk\/#\/schema\/logo\/image\/"}}]}},"_links":{"self":[{"href":"https:\/\/birketrolden.dk\/index.php?rest_route=\/wp\/v2\/pages\/13995","targetHints":{"allow":["GET"]}}],"collection":[{"href":"https:\/\/birketrolden.dk\/index.php?rest_route=\/wp\/v2\/pages"}],"about":[{"href":"https:\/\/birketrolden.dk\/index.php?rest_route=\/wp\/v2\/types\/page"}],"author":[{"embeddable":true,"href":"https:\/\/birketrolden.dk\/index.php?rest_route=\/wp\/v2\/users\/3"}],"replies":[{"embeddable":true,"href":"https:\/\/birketrolden.dk\/index.php?rest_route=%2Fwp%2Fv2%2Fcomments&post=13995"}],"version-history":[{"count":25,"href":"https:\/\/birketrolden.dk\/index.php?rest_route=\/wp\/v2\/pages\/13995\/revisions"}],"predecessor-version":[{"id":14395,"href":"https:\/\/birketrolden.dk\/index.php?rest_route=\/wp\/v2\/pages\/13995\/revisions\/14395"}],"up":[{"embeddable":true,"href":"https:\/\/birketrolden.dk\/index.php?rest_route=\/wp\/v2\/pages\/27"}],"wp:attachment":[{"href":"https:\/\/birketrolden.dk\/index.php?rest_route=%2Fwp%2Fv2%2Fmedia&parent=13995"}],"curies":[{"name":"wp","href":"https:\/\/api.w.org\/{rel}","templated":true}]}}