{"id":13819,"date":"2025-01-30T12:37:35","date_gmt":"2025-01-30T12:37:35","guid":{"rendered":"https:\/\/birketrolden.dk\/?page_id=13819"},"modified":"2025-02-08T20:29:17","modified_gmt":"2025-02-08T20:29:17","slug":"faelleshuset","status":"publish","type":"page","link":"https:\/\/birketrolden.dk\/?page_id=13819","title":{"rendered":"F\u00e6lleshuset"},"content":{"rendered":"\t\t<div data-elementor-type=\"wp-page\" data-elementor-id=\"13819\" class=\"elementor elementor-13819\" data-elementor-settings=\"{&quot;ha_cmc_init_switcher&quot;:&quot;no&quot;}\">\n\t\t\t\t<div class=\"elementor-element elementor-element-bae3a6b e-flex e-con-boxed e-con e-parent\" data-id=\"bae3a6b\" data-element_type=\"container\" data-e-type=\"container\" data-settings=\"{&quot;_ha_eqh_enable&quot;:false}\">\n\t\t\t\t\t<div class=\"e-con-inner\">\n\t\t\t\t<div class=\"elementor-element elementor-element-399d351 elementor-widget elementor-widget-spacer\" data-id=\"399d351\" data-element_type=\"widget\" data-e-type=\"widget\" data-widget_type=\"spacer.default\">\n\t\t\t\t<div class=\"elementor-widget-container\">\n\t\t\t\t\t\t\t<div class=\"elementor-spacer\">\n\t\t\t<div class=\"elementor-spacer-inner\"><\/div>\n\t\t<\/div>\n\t\t\t\t\t\t<\/div>\n\t\t\t\t<\/div>\n\t\t\t\t\t<\/div>\n\t\t\t\t<\/div>\n\t\t<div class=\"elementor-element elementor-element-0abb105 e-flex e-con-boxed e-con e-parent\" data-id=\"0abb105\" data-element_type=\"container\" data-e-type=\"container\" data-settings=\"{&quot;_ha_eqh_enable&quot;:false}\">\n\t\t\t\t\t<div class=\"e-con-inner\">\n\t\t\t\t<div class=\"elementor-element elementor-element-a116f2b elementor-widget elementor-widget-spacer\" data-id=\"a116f2b\" data-element_type=\"widget\" data-e-type=\"widget\" data-widget_type=\"spacer.default\">\n\t\t\t\t<div class=\"elementor-widget-container\">\n\t\t\t\t\t\t\t<div class=\"elementor-spacer\">\n\t\t\t<div class=\"elementor-spacer-inner\"><\/div>\n\t\t<\/div>\n\t\t\t\t\t\t<\/div>\n\t\t\t\t<\/div>\n\t\t\t\t\t<\/div>\n\t\t\t\t<\/div>\n\t\t<div class=\"elementor-element elementor-element-5688af2 e-con-full e-flex e-con e-parent\" data-id=\"5688af2\" data-element_type=\"container\" data-e-type=\"container\" data-settings=\"{&quot;background_background&quot;:&quot;slideshow&quot;,&quot;background_slideshow_gallery&quot;:[{&quot;id&quot;:5316,&quot;url&quot;:&quot;https:\\\/\\\/okosamfund.dk\\\/wp-content\\\/uploads\\\/2023\\\/09\\\/IMG_4302-scaled.jpeg&quot;}],&quot;shape_divider_top&quot;:&quot;waves&quot;,&quot;shape_divider_bottom&quot;:&quot;waves&quot;,&quot;background_slideshow_slide_duration&quot;:5000,&quot;background_slideshow_slide_transition&quot;:&quot;fade&quot;,&quot;background_slideshow_transition_duration&quot;:500,&quot;_ha_eqh_enable&quot;:false}\">\n\t\t\t\t<div class=\"elementor-shape elementor-shape-top\" aria-hidden=\"true\" data-negative=\"false\">\n\t\t\t<svg xmlns=\"http:\/\/www.w3.org\/2000\/svg\" viewBox=\"0 0 1000 100\" preserveAspectRatio=\"none\">\n\t<path class=\"elementor-shape-fill\" d=\"M421.9,6.5c22.6-2.5,51.5,0.4,75.5,5.3c23.6,4.9,70.9,23.5,100.5,35.7c75.8,32.2,133.7,44.5,192.6,49.7\n\tc23.6,2.1,48.7,3.5,103.4-2.5c54.7-6,106.2-25.6,106.2-25.6V0H0v30.3c0,0,72,32.6,158.4,30.5c39.2-0.7,92.8-6.7,134-22.4\n\tc21.2-8.1,52.2-18.2,79.7-24.2C399.3,7.9,411.6,7.5,421.9,6.5z\"\/>\n<\/svg>\t\t<\/div>\n\t\t\t\t<div class=\"elementor-shape elementor-shape-bottom\" aria-hidden=\"true\" data-negative=\"false\">\n\t\t\t<svg xmlns=\"http:\/\/www.w3.org\/2000\/svg\" viewBox=\"0 0 1000 100\" preserveAspectRatio=\"none\">\n\t<path class=\"elementor-shape-fill\" d=\"M421.9,6.5c22.6-2.5,51.5,0.4,75.5,5.3c23.6,4.9,70.9,23.5,100.5,35.7c75.8,32.2,133.7,44.5,192.6,49.7\n\tc23.6,2.1,48.7,3.5,103.4-2.5c54.7-6,106.2-25.6,106.2-25.6V0H0v30.3c0,0,72,32.6,158.4,30.5c39.2-0.7,92.8-6.7,134-22.4\n\tc21.2-8.1,52.2-18.2,79.7-24.2C399.3,7.9,411.6,7.5,421.9,6.5z\"\/>\n<\/svg>\t\t<\/div>\n\t\t<div class=\"elementor-element elementor-element-a885e89 e-con-full elementor-hidden-mobile e-flex e-con e-child\" data-id=\"a885e89\" data-element_type=\"container\" data-e-type=\"container\" data-settings=\"{&quot;_ha_eqh_enable&quot;:false}\">\n\t\t\t\t<\/div>\n\t\t<div class=\"elementor-element elementor-element-7bdee70 e-con-full e-flex e-con e-child\" data-id=\"7bdee70\" data-element_type=\"container\" data-e-type=\"container\" data-settings=\"{&quot;_ha_eqh_enable&quot;:false}\">\n\t\t\t\t<div class=\"elementor-element elementor-element-b0aafbb elementor-widget elementor-widget-spacer\" data-id=\"b0aafbb\" data-element_type=\"widget\" data-e-type=\"widget\" data-widget_type=\"spacer.default\">\n\t\t\t\t<div class=\"elementor-widget-container\">\n\t\t\t\t\t\t\t<div class=\"elementor-spacer\">\n\t\t\t<div class=\"elementor-spacer-inner\"><\/div>\n\t\t<\/div>\n\t\t\t\t\t\t<\/div>\n\t\t\t\t<\/div>\n\t\t\t\t<div class=\"elementor-element elementor-element-e0438ca elementor-widget elementor-widget-spacer\" data-id=\"e0438ca\" data-element_type=\"widget\" data-e-type=\"widget\" data-widget_type=\"spacer.default\">\n\t\t\t\t<div class=\"elementor-widget-container\">\n\t\t\t\t\t\t\t<div class=\"elementor-spacer\">\n\t\t\t<div class=\"elementor-spacer-inner\"><\/div>\n\t\t<\/div>\n\t\t\t\t\t\t<\/div>\n\t\t\t\t<\/div>\n\t\t\t\t<\/div>\n\t\t<div class=\"elementor-element elementor-element-a42d30e e-con-full elementor-hidden-mobile e-flex e-con e-child\" data-id=\"a42d30e\" data-element_type=\"container\" data-e-type=\"container\" data-settings=\"{&quot;_ha_eqh_enable&quot;:false}\">\n\t\t\t\t<\/div>\n\t\t\t\t<\/div>\n\t\t<div class=\"elementor-element elementor-element-de81a35 e-flex e-con-boxed e-con e-parent\" data-id=\"de81a35\" data-element_type=\"container\" data-e-type=\"container\" data-settings=\"{&quot;_ha_eqh_enable&quot;:false}\">\n\t\t\t\t\t<div class=\"e-con-inner\">\n\t\t<div class=\"elementor-element elementor-element-1133b4e e-con-full e-flex e-con e-child\" data-id=\"1133b4e\" data-element_type=\"container\" data-e-type=\"container\" data-settings=\"{&quot;_ha_eqh_enable&quot;:false}\">\n\t\t\t\t<div class=\"elementor-element elementor-element-e1b1de9 elementor-widget elementor-widget-spacer\" data-id=\"e1b1de9\" data-element_type=\"widget\" data-e-type=\"widget\" data-widget_type=\"spacer.default\">\n\t\t\t\t<div class=\"elementor-widget-container\">\n\t\t\t\t\t\t\t<div class=\"elementor-spacer\">\n\t\t\t<div class=\"elementor-spacer-inner\"><\/div>\n\t\t<\/div>\n\t\t\t\t\t\t<\/div>\n\t\t\t\t<\/div>\n\t\t\t\t<div class=\"elementor-element elementor-element-fbc86a1 elementor-widget elementor-widget-heading\" data-id=\"fbc86a1\" data-element_type=\"widget\" data-e-type=\"widget\" data-widget_type=\"heading.default\">\n\t\t\t\t<div class=\"elementor-widget-container\">\n\t\t\t\t\t<h2 class=\"elementor-heading-title elementor-size-default\">F\u00e6lleshuset UDG\u00d8R F\u00c6LLESSKABETS KERNE<\/h2>\t\t\t\t<\/div>\n\t\t\t\t<\/div>\n\t\t\t\t<\/div>\n\t\t\t\t\t<\/div>\n\t\t\t\t<\/div>\n\t\t<div class=\"elementor-element elementor-element-aa88337 e-flex e-con-boxed e-con e-parent\" data-id=\"aa88337\" data-element_type=\"container\" data-e-type=\"container\" data-settings=\"{&quot;_ha_eqh_enable&quot;:false}\">\n\t\t\t\t\t<div class=\"e-con-inner\">\n\t\t\t\t<div class=\"elementor-element elementor-element-0c8f382 elementor-widget elementor-widget-spacer\" data-id=\"0c8f382\" data-element_type=\"widget\" data-e-type=\"widget\" data-widget_type=\"spacer.default\">\n\t\t\t\t<div class=\"elementor-widget-container\">\n\t\t\t\t\t\t\t<div class=\"elementor-spacer\">\n\t\t\t<div class=\"elementor-spacer-inner\"><\/div>\n\t\t<\/div>\n\t\t\t\t\t\t<\/div>\n\t\t\t\t<\/div>\n\t\t<div class=\"elementor-element elementor-element-5ed7626 e-con-full e-flex e-con e-child\" data-id=\"5ed7626\" data-element_type=\"container\" data-e-type=\"container\" data-settings=\"{&quot;_ha_eqh_enable&quot;:false}\">\n\t\t\t\t<div class=\"elementor-element elementor-element-46d578b elementor-widget elementor-widget-heading\" data-id=\"46d578b\" data-element_type=\"widget\" data-e-type=\"widget\" data-widget_type=\"heading.default\">\n\t\t\t\t<div class=\"elementor-widget-container\">\n\t\t\t\t\t<h3 class=\"elementor-heading-title elementor-size-default\"><div><span style=\"font-family: Roboto, sans-serif;font-size: 20px;font-style: normal;font-weight: 400;text-transform: none;text-align: var(--text-align)\">Birketroldens pulserende hjerte. Hvor vi samles til f\u00e6llesspisning, m\u00f8der, fester, leg, events, har g\u00e6ster, bruger vaskeriet, henter papirer sendt til den f\u00e6lles printer, holder spilleaftener, danser, dyrker yoga, har det f\u00e6lles telt liggende mm. Det er bl.a. f\u00e6lleshuset, der g\u00f8r et bof\u00e6llesskab s\u00e6rlig anderledes end andre boligformer. Fordi det skaber ramme om et f\u00e6lles liv.<\/span><\/div><br>F\u00e6lleshusets MANGE funktioner<br><\/h3>\t\t\t\t<\/div>\n\t\t\t\t<\/div>\n\t\t\t\t<div class=\"elementor-element elementor-element-2fb6761 elementor-widget__width-initial elementor-widget elementor-widget-text-editor\" data-id=\"2fb6761\" data-element_type=\"widget\" data-e-type=\"widget\" data-widget_type=\"text-editor.default\">\n\t\t\t\t<div class=\"elementor-widget-container\">\n\t\t\t\t\t\t\t\t\t<p class=\"font_8 wixui-rich-text__text\"><strong><span class=\"wixui-rich-text__text\"><img fetchpriority=\"high\" decoding=\"async\" class=\"alignnone size-medium wp-image-14280\" src=\"https:\/\/birketrolden.dk\/wp-content\/uploads\/2025\/02\/plantegninger_A4_21-1-300x212.jpg\" alt=\"\" width=\"300\" height=\"212\" srcset=\"https:\/\/birketrolden.dk\/wp-content\/uploads\/2025\/02\/plantegninger_A4_21-1-300x212.jpg 300w, https:\/\/birketrolden.dk\/wp-content\/uploads\/2025\/02\/plantegninger_A4_21-1-1024x724.jpg 1024w, https:\/\/birketrolden.dk\/wp-content\/uploads\/2025\/02\/plantegninger_A4_21-1-768x543.jpg 768w, https:\/\/birketrolden.dk\/wp-content\/uploads\/2025\/02\/plantegninger_A4_21-1-1536x1086.jpg 1536w, https:\/\/birketrolden.dk\/wp-content\/uploads\/2025\/02\/plantegninger_A4_21-1-2048x1448.jpg 2048w\" sizes=\"(max-width: 300px) 100vw, 300px\" \/><img decoding=\"async\" class=\"alignnone size-medium wp-image-14281\" src=\"https:\/\/birketrolden.dk\/wp-content\/uploads\/2025\/02\/plantegninger_A4_22-1-300x212.jpg\" alt=\"\" width=\"300\" height=\"212\" srcset=\"https:\/\/birketrolden.dk\/wp-content\/uploads\/2025\/02\/plantegninger_A4_22-1-300x212.jpg 300w, https:\/\/birketrolden.dk\/wp-content\/uploads\/2025\/02\/plantegninger_A4_22-1-1024x724.jpg 1024w, https:\/\/birketrolden.dk\/wp-content\/uploads\/2025\/02\/plantegninger_A4_22-1-768x543.jpg 768w, https:\/\/birketrolden.dk\/wp-content\/uploads\/2025\/02\/plantegninger_A4_22-1-1536x1086.jpg 1536w, https:\/\/birketrolden.dk\/wp-content\/uploads\/2025\/02\/plantegninger_A4_22-1-2048x1448.jpg 2048w\" sizes=\"(max-width: 300px) 100vw, 300px\" \/><\/span><\/strong><\/p><p class=\"font_8 wixui-rich-text__text\"><strong><span class=\"wixui-rich-text__text\">F\u00e6llesspisning<br \/><\/span><\/strong><span class=\"wixui-rich-text__text\">Birketroldene m\u00f8des tre gange om ugen til vegetarisk og \u00f8kologisk f\u00e6llesspisning. Det er frivilligt, om man vil deltage, og arbejder man over, eller er det af anden grund ikke muligt at deltage, s\u00e5 kan man reservere en portion mad, som man kan nyde hjemme eller i f\u00e6lleshuset.\u00a0<\/span><span class=\"wixui-rich-text__text\">Vi har et udvalg, som st\u00e5r for planl\u00e6gning og opskrifter, men alle har mulighed for at komme med bidrag og id\u00e9er. Det er indbyrdes aftalt at vi forpligtiger os til at bidrage med at st\u00e5 for f\u00e6llesspisningerne, med en turnus hver 6. uge.<\/span><\/p><p class=\"wixui-rich-text__text\"><strong><span class=\"wixui-rich-text__text\">F\u00e6llesm\u00f8der<br \/><\/span><\/strong><span class=\"wixui-rich-text__text\">Vi m\u00f8des i f\u00e6lleshuset til de m\u00e5nedlige f\u00e6llesm\u00f8der, som anses n\u00f8dvendige, s\u00e6rligt de f\u00f8rste \u00e5r.\u00a0\u00a0<\/span><\/p><p class=\"wixui-rich-text__text\"><strong><span class=\"wixui-rich-text__text\">G\u00e6stev\u00e6relser\u00a0<br \/><\/span><\/strong><span class=\"wixui-rich-text__text\">Vi er mange, som &#8216;down sizer&#8217; og derfor er det fantastisk, at vi kan tilbyde vores g\u00e6ster et g\u00e6stev\u00e6relse i f\u00e6lleshuset. Der er tre g\u00e6stev\u00e6relser til r\u00e5dighed i huset, og bad\/toilet.<\/span><\/p><p class=\"wixui-rich-text__text\"><strong><span class=\"wixui-rich-text__text\">Fester\u00a0<br \/><\/span><\/strong><span class=\"wixui-rich-text__text\">Vi skal have holdt en masse fester, sammen. Det er ogs\u00e5 en helt s\u00e6rlig fest at kunne holde sin runde f\u00f8dselsdag i sit eget f\u00e6lleshus &#8211; pludselig kan man have endnu flere g\u00e6ster, endda med overnatning. Desuden kan der opst\u00e5 gode traditioner i nabolaget for fester, der markerer \u00e5rstiderne og helligdage. \u00a0<\/span><\/p><p class=\"wixui-rich-text__text\"><strong><span class=\"wixui-rich-text__text\">B\u00f8rne- og ungdomsliv<br \/><\/span><\/strong><span class=\"wixui-rich-text__text\">B\u00f8rnene har ogs\u00e5 en central plads i f\u00e6lleshuset. Her kan de lege, spille spil, se film, overnatte med vennerne mm. B\u00f8rnene f\u00e5r deres eget rum, hvor de kan rode og opf\u00f8re sig, som de har lyst til. N\u00e5r b\u00f8rnene bliver lidt st\u00f8rre, kan de ogs\u00e5 her finde lidt frirum &#8211; i et f\u00e6lles teenageliv.\u00a0<\/span><\/p><p class=\"wixui-rich-text__text\"><strong><span class=\"wixui-rich-text__text\">F\u00e6lles liv<br \/><\/span><\/strong><span class=\"wixui-rich-text__text\">Vi er mange, som \u00f8nsker at invitere hinanden til events, for at danne ramme for et f\u00e6lles liv. Vi t\u00e6nker p\u00e5 yoga, musik, teater, kreativitet, kunst og hygge.\u00a0<\/span><\/p><p class=\"wixui-rich-text__text\"><strong>Din arbejdsplads<br \/><\/strong><span class=\"wixui-rich-text__text\">Det er ogs\u00e5 muligt at arbejde &#8216;hjemmefra&#8217; p\u00e5 de hjemmearbejdspladser, som f\u00e6lleshuset ogs\u00e5 rummer. Er man behandler, er det ogs\u00e5 muligt at udf\u00f8re erhverv i disse rum. <\/span><span class=\"wixui-rich-text__text\">T\u00e6nk, at kunne komme til f.eks. massage i sit eget f\u00e6lleshus!\u00a0<\/span><\/p>\t\t\t\t\t\t\t\t<\/div>\n\t\t\t\t<\/div>\n\t\t\t\t<\/div>\n\t\t\t\t\t<\/div>\n\t\t\t\t<\/div>\n\t\t\t\t<\/div>\n\t\t","protected":false},"excerpt":{"rendered":"<p>F\u00e6lleshuset UDG\u00d8R F\u00c6LLESSKABETS KERNE Birketroldens pulserende hjerte. Hvor vi samles til f\u00e6llesspisning, m\u00f8der, fester, leg, events, har g\u00e6ster, bruger vaskeriet, henter papirer sendt til den f\u00e6lles printer, holder spilleaftener, danser, dyrker yoga, har det f\u00e6lles telt liggende mm. Det er bl.a. f\u00e6lleshuset, der g\u00f8r et bof\u00e6llesskab s\u00e6rlig anderledes end andre boligformer. Fordi det skaber ramme [&hellip;]<\/p>\n","protected":false},"author":3,"featured_media":0,"parent":27,"menu_order":0,"comment_status":"closed","ping_status":"closed","template":"","meta":{"ocean_post_layout":"","ocean_both_sidebars_style":"","ocean_both_sidebars_content_width":0,"ocean_both_sidebars_sidebars_width":0,"ocean_sidebar":"0","ocean_second_sidebar":"0","ocean_disable_margins":"enable","ocean_add_body_class":"","ocean_shortcode_before_top_bar":"","ocean_shortcode_after_top_bar":"","ocean_shortcode_before_header":"","ocean_shortcode_after_header":"","ocean_has_shortcode":"","ocean_shortcode_after_title":"","ocean_shortcode_before_footer_widgets":"","ocean_shortcode_after_footer_widgets":"","ocean_shortcode_before_footer_bottom":"","ocean_shortcode_after_footer_bottom":"","ocean_display_top_bar":"default","ocean_display_header":"default","ocean_header_style":"","ocean_center_header_left_menu":"0","ocean_custom_header_template":"0","ocean_custom_logo":0,"ocean_custom_retina_logo":0,"ocean_custom_logo_max_width":0,"ocean_custom_logo_tablet_max_width":0,"ocean_custom_logo_mobile_max_width":0,"ocean_custom_logo_max_height":0,"ocean_custom_logo_tablet_max_height":0,"ocean_custom_logo_mobile_max_height":0,"ocean_header_custom_menu":"0","ocean_menu_typo_font_family":"0","ocean_menu_typo_font_subset":"","ocean_menu_typo_font_size":0,"ocean_menu_typo_font_size_tablet":0,"ocean_menu_typo_font_size_mobile":0,"ocean_menu_typo_font_size_unit":"px","ocean_menu_typo_font_weight":"","ocean_menu_typo_font_weight_tablet":"","ocean_menu_typo_font_weight_mobile":"","ocean_menu_typo_transform":"","ocean_menu_typo_transform_tablet":"","ocean_menu_typo_transform_mobile":"","ocean_menu_typo_line_height":0,"ocean_menu_typo_line_height_tablet":0,"ocean_menu_typo_line_height_mobile":0,"ocean_menu_typo_line_height_unit":"","ocean_menu_typo_spacing":0,"ocean_menu_typo_spacing_tablet":0,"ocean_menu_typo_spacing_mobile":0,"ocean_menu_typo_spacing_unit":"","ocean_menu_link_color":"","ocean_menu_link_color_hover":"","ocean_menu_link_color_active":"","ocean_menu_link_background":"","ocean_menu_link_hover_background":"","ocean_menu_link_active_background":"","ocean_menu_social_links_bg":"","ocean_menu_social_hover_links_bg":"","ocean_menu_social_links_color":"","ocean_menu_social_hover_links_color":"","ocean_disable_title":"default","ocean_disable_heading":"default","ocean_post_title":"","ocean_post_subheading":"","ocean_post_title_style":"","ocean_post_title_background_color":"","ocean_post_title_background":0,"ocean_post_title_bg_image_position":"","ocean_post_title_bg_image_attachment":"","ocean_post_title_bg_image_repeat":"","ocean_post_title_bg_image_size":"","ocean_post_title_height":0,"ocean_post_title_bg_overlay":0.5,"ocean_post_title_bg_overlay_color":"","ocean_disable_breadcrumbs":"default","ocean_breadcrumbs_color":"","ocean_breadcrumbs_separator_color":"","ocean_breadcrumbs_links_color":"","ocean_breadcrumbs_links_hover_color":"","ocean_display_footer_widgets":"default","ocean_display_footer_bottom":"default","ocean_custom_footer_template":"0","footnotes":""},"class_list":["post-13819","page","type-page","status-publish","hentry","entry"],"yoast_head":"<!-- This site is optimized with the Yoast SEO plugin v27.4 - https:\/\/yoast.com\/product\/yoast-seo-wordpress\/ -->\n<title>F\u00e6lleshuset - Birketrolden<\/title>\n<meta name=\"robots\" content=\"index, follow, max-snippet:-1, max-image-preview:large, max-video-preview:-1\" \/>\n<link rel=\"canonical\" href=\"https:\/\/birketrolden.dk\/?page_id=13819\" \/>\n<meta property=\"og:locale\" content=\"da_DK\" \/>\n<meta property=\"og:type\" content=\"article\" \/>\n<meta property=\"og:title\" content=\"F\u00e6lleshuset - Birketrolden\" \/>\n<meta property=\"og:description\" content=\"F\u00e6lleshuset UDG\u00d8R F\u00c6LLESSKABETS KERNE Birketroldens pulserende hjerte. Hvor vi samles til f\u00e6llesspisning, m\u00f8der, fester, leg, events, har g\u00e6ster, bruger vaskeriet, henter papirer sendt til den f\u00e6lles printer, holder spilleaftener, danser, dyrker yoga, har det f\u00e6lles telt liggende mm. Det er bl.a. f\u00e6lleshuset, der g\u00f8r et bof\u00e6llesskab s\u00e6rlig anderledes end andre boligformer. Fordi det skaber ramme [&hellip;]\" \/>\n<meta property=\"og:url\" content=\"https:\/\/birketrolden.dk\/?page_id=13819\" \/>\n<meta property=\"og:site_name\" content=\"Birketrolden\" \/>\n<meta property=\"article:modified_time\" content=\"2025-02-08T20:29:17+00:00\" \/>\n<meta property=\"og:image\" content=\"https:\/\/birketrolden.dk\/wp-content\/uploads\/2025\/02\/plantegninger_A4_21-1-scaled.jpg\" \/>\n\t<meta property=\"og:image:width\" content=\"2560\" \/>\n\t<meta property=\"og:image:height\" content=\"1810\" \/>\n\t<meta property=\"og:image:type\" content=\"image\/jpeg\" \/>\n<meta name=\"twitter:card\" content=\"summary_large_image\" \/>\n<meta name=\"twitter:label1\" content=\"Estimeret l\u00e6setid\" \/>\n\t<meta name=\"twitter:data1\" content=\"3 minutter\" \/>\n<script type=\"application\/ld+json\" class=\"yoast-schema-graph\">{\"@context\":\"https:\\\/\\\/schema.org\",\"@graph\":[{\"@type\":\"WebPage\",\"@id\":\"https:\\\/\\\/birketrolden.dk\\\/?page_id=13819\",\"url\":\"https:\\\/\\\/birketrolden.dk\\\/?page_id=13819\",\"name\":\"F\u00e6lleshuset - Birketrolden\",\"isPartOf\":{\"@id\":\"https:\\\/\\\/birketrolden.dk\\\/#website\"},\"primaryImageOfPage\":{\"@id\":\"https:\\\/\\\/birketrolden.dk\\\/?page_id=13819#primaryimage\"},\"image\":{\"@id\":\"https:\\\/\\\/birketrolden.dk\\\/?page_id=13819#primaryimage\"},\"thumbnailUrl\":\"https:\\\/\\\/birketrolden.dk\\\/wp-content\\\/uploads\\\/2025\\\/02\\\/plantegninger_A4_21-1-300x212.jpg\",\"datePublished\":\"2025-01-30T12:37:35+00:00\",\"dateModified\":\"2025-02-08T20:29:17+00:00\",\"breadcrumb\":{\"@id\":\"https:\\\/\\\/birketrolden.dk\\\/?page_id=13819#breadcrumb\"},\"inLanguage\":\"da-DK\",\"potentialAction\":[{\"@type\":\"ReadAction\",\"target\":[\"https:\\\/\\\/birketrolden.dk\\\/?page_id=13819\"]}]},{\"@type\":\"ImageObject\",\"inLanguage\":\"da-DK\",\"@id\":\"https:\\\/\\\/birketrolden.dk\\\/?page_id=13819#primaryimage\",\"url\":\"https:\\\/\\\/birketrolden.dk\\\/wp-content\\\/uploads\\\/2025\\\/02\\\/plantegninger_A4_21-1-scaled.jpg\",\"contentUrl\":\"https:\\\/\\\/birketrolden.dk\\\/wp-content\\\/uploads\\\/2025\\\/02\\\/plantegninger_A4_21-1-scaled.jpg\",\"width\":2560,\"height\":1810},{\"@type\":\"BreadcrumbList\",\"@id\":\"https:\\\/\\\/birketrolden.dk\\\/?page_id=13819#breadcrumb\",\"itemListElement\":[{\"@type\":\"ListItem\",\"position\":1,\"name\":\"Home\",\"item\":\"https:\\\/\\\/birketrolden.dk\\\/\"},{\"@type\":\"ListItem\",\"position\":2,\"name\":\"OM OS\",\"item\":\"https:\\\/\\\/birketrolden.dk\\\/?page_id=27\"},{\"@type\":\"ListItem\",\"position\":3,\"name\":\"F\u00e6lleshuset\"}]},{\"@type\":\"WebSite\",\"@id\":\"https:\\\/\\\/birketrolden.dk\\\/#website\",\"url\":\"https:\\\/\\\/birketrolden.dk\\\/\",\"name\":\"Birketrolden\",\"description\":\"\",\"publisher\":{\"@id\":\"https:\\\/\\\/birketrolden.dk\\\/#organization\"},\"potentialAction\":[{\"@type\":\"SearchAction\",\"target\":{\"@type\":\"EntryPoint\",\"urlTemplate\":\"https:\\\/\\\/birketrolden.dk\\\/?s={search_term_string}\"},\"query-input\":{\"@type\":\"PropertyValueSpecification\",\"valueRequired\":true,\"valueName\":\"search_term_string\"}}],\"inLanguage\":\"da-DK\"},{\"@type\":\"Organization\",\"@id\":\"https:\\\/\\\/birketrolden.dk\\\/#organization\",\"name\":\"Birketrolden\",\"url\":\"https:\\\/\\\/birketrolden.dk\\\/\",\"logo\":{\"@type\":\"ImageObject\",\"inLanguage\":\"da-DK\",\"@id\":\"https:\\\/\\\/birketrolden.dk\\\/#\\\/schema\\\/logo\\\/image\\\/\",\"url\":\"https:\\\/\\\/birketrolden.dk\\\/wp-content\\\/uploads\\\/2026\\\/02\\\/birketrolden_logo.png\",\"contentUrl\":\"https:\\\/\\\/birketrolden.dk\\\/wp-content\\\/uploads\\\/2026\\\/02\\\/birketrolden_logo.png\",\"width\":934,\"height\":925,\"caption\":\"Birketrolden\"},\"image\":{\"@id\":\"https:\\\/\\\/birketrolden.dk\\\/#\\\/schema\\\/logo\\\/image\\\/\"}}]}<\/script>\n<!-- \/ Yoast SEO plugin. -->","yoast_head_json":{"title":"F\u00e6lleshuset - Birketrolden","robots":{"index":"index","follow":"follow","max-snippet":"max-snippet:-1","max-image-preview":"max-image-preview:large","max-video-preview":"max-video-preview:-1"},"canonical":"https:\/\/birketrolden.dk\/?page_id=13819","og_locale":"da_DK","og_type":"article","og_title":"F\u00e6lleshuset - Birketrolden","og_description":"F\u00e6lleshuset UDG\u00d8R F\u00c6LLESSKABETS KERNE Birketroldens pulserende hjerte. Hvor vi samles til f\u00e6llesspisning, m\u00f8der, fester, leg, events, har g\u00e6ster, bruger vaskeriet, henter papirer sendt til den f\u00e6lles printer, holder spilleaftener, danser, dyrker yoga, har det f\u00e6lles telt liggende mm. Det er bl.a. f\u00e6lleshuset, der g\u00f8r et bof\u00e6llesskab s\u00e6rlig anderledes end andre boligformer. Fordi det skaber ramme [&hellip;]","og_url":"https:\/\/birketrolden.dk\/?page_id=13819","og_site_name":"Birketrolden","article_modified_time":"2025-02-08T20:29:17+00:00","og_image":[{"width":2560,"height":1810,"url":"https:\/\/birketrolden.dk\/wp-content\/uploads\/2025\/02\/plantegninger_A4_21-1-scaled.jpg","type":"image\/jpeg"}],"twitter_card":"summary_large_image","twitter_misc":{"Estimeret l\u00e6setid":"3 minutter"},"schema":{"@context":"https:\/\/schema.org","@graph":[{"@type":"WebPage","@id":"https:\/\/birketrolden.dk\/?page_id=13819","url":"https:\/\/birketrolden.dk\/?page_id=13819","name":"F\u00e6lleshuset - Birketrolden","isPartOf":{"@id":"https:\/\/birketrolden.dk\/#website"},"primaryImageOfPage":{"@id":"https:\/\/birketrolden.dk\/?page_id=13819#primaryimage"},"image":{"@id":"https:\/\/birketrolden.dk\/?page_id=13819#primaryimage"},"thumbnailUrl":"https:\/\/birketrolden.dk\/wp-content\/uploads\/2025\/02\/plantegninger_A4_21-1-300x212.jpg","datePublished":"2025-01-30T12:37:35+00:00","dateModified":"2025-02-08T20:29:17+00:00","breadcrumb":{"@id":"https:\/\/birketrolden.dk\/?page_id=13819#breadcrumb"},"inLanguage":"da-DK","potentialAction":[{"@type":"ReadAction","target":["https:\/\/birketrolden.dk\/?page_id=13819"]}]},{"@type":"ImageObject","inLanguage":"da-DK","@id":"https:\/\/birketrolden.dk\/?page_id=13819#primaryimage","url":"https:\/\/birketrolden.dk\/wp-content\/uploads\/2025\/02\/plantegninger_A4_21-1-scaled.jpg","contentUrl":"https:\/\/birketrolden.dk\/wp-content\/uploads\/2025\/02\/plantegninger_A4_21-1-scaled.jpg","width":2560,"height":1810},{"@type":"BreadcrumbList","@id":"https:\/\/birketrolden.dk\/?page_id=13819#breadcrumb","itemListElement":[{"@type":"ListItem","position":1,"name":"Home","item":"https:\/\/birketrolden.dk\/"},{"@type":"ListItem","position":2,"name":"OM OS","item":"https:\/\/birketrolden.dk\/?page_id=27"},{"@type":"ListItem","position":3,"name":"F\u00e6lleshuset"}]},{"@type":"WebSite","@id":"https:\/\/birketrolden.dk\/#website","url":"https:\/\/birketrolden.dk\/","name":"Birketrolden","description":"","publisher":{"@id":"https:\/\/birketrolden.dk\/#organization"},"potentialAction":[{"@type":"SearchAction","target":{"@type":"EntryPoint","urlTemplate":"https:\/\/birketrolden.dk\/?s={search_term_string}"},"query-input":{"@type":"PropertyValueSpecification","valueRequired":true,"valueName":"search_term_string"}}],"inLanguage":"da-DK"},{"@type":"Organization","@id":"https:\/\/birketrolden.dk\/#organization","name":"Birketrolden","url":"https:\/\/birketrolden.dk\/","logo":{"@type":"ImageObject","inLanguage":"da-DK","@id":"https:\/\/birketrolden.dk\/#\/schema\/logo\/image\/","url":"https:\/\/birketrolden.dk\/wp-content\/uploads\/2026\/02\/birketrolden_logo.png","contentUrl":"https:\/\/birketrolden.dk\/wp-content\/uploads\/2026\/02\/birketrolden_logo.png","width":934,"height":925,"caption":"Birketrolden"},"image":{"@id":"https:\/\/birketrolden.dk\/#\/schema\/logo\/image\/"}}]}},"_links":{"self":[{"href":"https:\/\/birketrolden.dk\/index.php?rest_route=\/wp\/v2\/pages\/13819","targetHints":{"allow":["GET"]}}],"collection":[{"href":"https:\/\/birketrolden.dk\/index.php?rest_route=\/wp\/v2\/pages"}],"about":[{"href":"https:\/\/birketrolden.dk\/index.php?rest_route=\/wp\/v2\/types\/page"}],"author":[{"embeddable":true,"href":"https:\/\/birketrolden.dk\/index.php?rest_route=\/wp\/v2\/users\/3"}],"replies":[{"embeddable":true,"href":"https:\/\/birketrolden.dk\/index.php?rest_route=%2Fwp%2Fv2%2Fcomments&post=13819"}],"version-history":[{"count":32,"href":"https:\/\/birketrolden.dk\/index.php?rest_route=\/wp\/v2\/pages\/13819\/revisions"}],"predecessor-version":[{"id":14301,"href":"https:\/\/birketrolden.dk\/index.php?rest_route=\/wp\/v2\/pages\/13819\/revisions\/14301"}],"up":[{"embeddable":true,"href":"https:\/\/birketrolden.dk\/index.php?rest_route=\/wp\/v2\/pages\/27"}],"wp:attachment":[{"href":"https:\/\/birketrolden.dk\/index.php?rest_route=%2Fwp%2Fv2%2Fmedia&parent=13819"}],"curies":[{"name":"wp","href":"https:\/\/api.w.org\/{rel}","templated":true}]}}