{"id":13597,"date":"2025-01-28T19:32:19","date_gmt":"2025-01-28T19:32:19","guid":{"rendered":"https:\/\/birketrolden.dk\/?page_id=13597"},"modified":"2025-01-31T10:13:35","modified_gmt":"2025-01-31T10:13:35","slug":"vaer-med","status":"publish","type":"page","link":"https:\/\/birketrolden.dk\/?page_id=13597","title":{"rendered":"V\u00e6r med"},"content":{"rendered":"\t\t<div data-elementor-type=\"wp-page\" data-elementor-id=\"13597\" class=\"elementor elementor-13597\" data-elementor-settings=\"{&quot;ha_cmc_init_switcher&quot;:&quot;no&quot;}\">\n\t\t\t\t<div class=\"elementor-element elementor-element-c9751be e-flex e-con-boxed e-con e-parent\" data-id=\"c9751be\" data-element_type=\"container\" data-e-type=\"container\" data-settings=\"{&quot;_ha_eqh_enable&quot;:false}\">\n\t\t\t\t\t<div class=\"e-con-inner\">\n\t\t\t\t<div class=\"elementor-element elementor-element-bd4d8d6 elementor-widget elementor-widget-spacer\" data-id=\"bd4d8d6\" data-element_type=\"widget\" data-e-type=\"widget\" data-widget_type=\"spacer.default\">\n\t\t\t\t<div class=\"elementor-widget-container\">\n\t\t\t\t\t\t\t<div class=\"elementor-spacer\">\n\t\t\t<div class=\"elementor-spacer-inner\"><\/div>\n\t\t<\/div>\n\t\t\t\t\t\t<\/div>\n\t\t\t\t<\/div>\n\t\t<div class=\"elementor-element elementor-element-6f9d3fa e-con-full e-flex e-con e-child\" data-id=\"6f9d3fa\" data-element_type=\"container\" data-e-type=\"container\" data-settings=\"{&quot;_ha_eqh_enable&quot;:false}\">\n\t\t<div class=\"elementor-element elementor-element-a9790b3 e-con-full e-flex e-con e-child\" data-id=\"a9790b3\" data-element_type=\"container\" data-e-type=\"container\" data-settings=\"{&quot;_ha_eqh_enable&quot;:false}\">\n\t\t\t\t<div class=\"elementor-element elementor-element-e6effe4 elementor-widget__width-auto elementor-widget elementor-widget-image\" data-id=\"e6effe4\" data-element_type=\"widget\" data-e-type=\"widget\" data-widget_type=\"image.default\">\n\t\t\t\t<div class=\"elementor-widget-container\">\n\t\t\t\t\t\t\t\t\t\t\t\t\t\t\t<img fetchpriority=\"high\" decoding=\"async\" width=\"768\" height=\"576\" src=\"https:\/\/birketrolden.dk\/wp-content\/uploads\/2025\/01\/nyt-billede-768x576.jpg\" class=\"attachment-medium_large size-medium_large wp-image-13509\" alt=\"\" srcset=\"https:\/\/birketrolden.dk\/wp-content\/uploads\/2025\/01\/nyt-billede-768x576.jpg 768w, https:\/\/birketrolden.dk\/wp-content\/uploads\/2025\/01\/nyt-billede-300x225.jpg 300w, https:\/\/birketrolden.dk\/wp-content\/uploads\/2025\/01\/nyt-billede-1024x768.jpg 1024w, https:\/\/birketrolden.dk\/wp-content\/uploads\/2025\/01\/nyt-billede-1536x1152.jpg 1536w, https:\/\/birketrolden.dk\/wp-content\/uploads\/2025\/01\/nyt-billede-2048x1536.jpg 2048w\" sizes=\"(max-width: 768px) 100vw, 768px\" \/>\t\t\t\t\t\t\t\t\t\t\t\t\t\t\t<\/div>\n\t\t\t\t<\/div>\n\t\t\t\t<\/div>\n\t\t<div class=\"elementor-element elementor-element-c7a0371 e-con-full e-flex e-con e-child\" data-id=\"c7a0371\" data-element_type=\"container\" data-e-type=\"container\" data-settings=\"{&quot;_ha_eqh_enable&quot;:false}\">\n\t\t\t\t<div class=\"elementor-element elementor-element-76d2e2a elementor-widget elementor-widget-heading\" data-id=\"76d2e2a\" data-element_type=\"widget\" data-e-type=\"widget\" data-widget_type=\"heading.default\">\n\t\t\t\t<div class=\"elementor-widget-container\">\n\t\t\t\t\t<h1 class=\"elementor-heading-title elementor-size-default\">V\u00e6r med<\/h1>\t\t\t\t<\/div>\n\t\t\t\t<\/div>\n\t\t\t\t<div class=\"elementor-element elementor-element-1c1bc95 elementor-widget elementor-widget-text-editor\" data-id=\"1c1bc95\" data-element_type=\"widget\" data-e-type=\"widget\" data-widget_type=\"text-editor.default\">\n\t\t\t\t<div class=\"elementor-widget-container\">\n\t\t\t\t\t\t\t\t\t<p>Processen for at komme med er, at du f\u00f8rst deltager p\u00e5 et af vores <span class=\"wixui-rich-text__text\"><b>informationsm\u00f8der\u00a0<\/b><\/span>med B\u00e6rebo og vores beboerrepr\u00e6sentanter. S\u00e5 taler du 1-1 med en beboerrepr\u00e6sentant fra Hvervegruppen. Er der derefter et gensidigt match, inviteres du til et <span class=\"wixui-rich-text__text\"><b>beboerm\u00f8de. <\/b><\/span>Herefter har du mulighed for at underskrive <span class=\"wixui-rich-text__text\"><b>lejekontrakt\u00a0<\/b><\/span>(med mulighed for efterf\u00f8lgende k\u00f8b) og er sikret en plads.<\/p><p><span class=\"wixui-rich-text__text\">\u00d8nsker du en plads i vores bof\u00e6llesskab, kan du orientere dig om infom\u00f8der og events p\u00e5 <a href=\"https:\/\/www.baerebo.org\/begivenheder\">B\u00e6rebos hjemmeside<\/a>.\u00a0<\/span><\/p>\t\t\t\t\t\t\t\t<\/div>\n\t\t\t\t<\/div>\n\t\t\t\t<div class=\"elementor-element elementor-element-38eb8ef elementor-align-center elementor-widget elementor-widget-button\" data-id=\"38eb8ef\" data-element_type=\"widget\" data-e-type=\"widget\" data-widget_type=\"button.default\">\n\t\t\t\t<div class=\"elementor-widget-container\">\n\t\t\t\t\t\t\t\t\t<div class=\"elementor-button-wrapper\">\n\t\t\t\t\t<a class=\"elementor-button elementor-button-link elementor-size-sm\" href=\"https:\/\/www.baerebo.org\/begivenheder\" target=\"_blank\">\n\t\t\t\t\t\t<span class=\"elementor-button-content-wrapper\">\n\t\t\t\t\t\t\t\t\t<span class=\"elementor-button-text\">SE INFOM\u00d8DER<\/span>\n\t\t\t\t\t<\/span>\n\t\t\t\t\t<\/a>\n\t\t\t\t<\/div>\n\t\t\t\t\t\t\t\t<\/div>\n\t\t\t\t<\/div>\n\t\t\t\t<\/div>\n\t\t\t\t<\/div>\n\t\t\t\t\t<\/div>\n\t\t\t\t<\/div>\n\t\t\t\t<\/div>\n\t\t","protected":false},"excerpt":{"rendered":"<p>V\u00e6r med Processen for at komme med er, at du f\u00f8rst deltager p\u00e5 et af vores informationsm\u00f8der\u00a0med B\u00e6rebo og vores beboerrepr\u00e6sentanter. S\u00e5 taler du 1-1 med en beboerrepr\u00e6sentant fra Hvervegruppen. Er der derefter et gensidigt match, inviteres du til et beboerm\u00f8de. Herefter har du mulighed for at underskrive lejekontrakt\u00a0(med mulighed for efterf\u00f8lgende k\u00f8b) og er [&hellip;]<\/p>\n","protected":false},"author":3,"featured_media":0,"parent":0,"menu_order":0,"comment_status":"closed","ping_status":"closed","template":"","meta":{"ocean_post_layout":"","ocean_both_sidebars_style":"","ocean_both_sidebars_content_width":0,"ocean_both_sidebars_sidebars_width":0,"ocean_sidebar":"","ocean_second_sidebar":"","ocean_disable_margins":"enable","ocean_add_body_class":"","ocean_shortcode_before_top_bar":"","ocean_shortcode_after_top_bar":"","ocean_shortcode_before_header":"","ocean_shortcode_after_header":"","ocean_has_shortcode":"","ocean_shortcode_after_title":"","ocean_shortcode_before_footer_widgets":"","ocean_shortcode_after_footer_widgets":"","ocean_shortcode_before_footer_bottom":"","ocean_shortcode_after_footer_bottom":"","ocean_display_top_bar":"default","ocean_display_header":"default","ocean_header_style":"","ocean_center_header_left_menu":"","ocean_custom_header_template":"","ocean_custom_logo":0,"ocean_custom_retina_logo":0,"ocean_custom_logo_max_width":0,"ocean_custom_logo_tablet_max_width":0,"ocean_custom_logo_mobile_max_width":0,"ocean_custom_logo_max_height":0,"ocean_custom_logo_tablet_max_height":0,"ocean_custom_logo_mobile_max_height":0,"ocean_header_custom_menu":"","ocean_menu_typo_font_family":"","ocean_menu_typo_font_subset":"","ocean_menu_typo_font_size":0,"ocean_menu_typo_font_size_tablet":0,"ocean_menu_typo_font_size_mobile":0,"ocean_menu_typo_font_size_unit":"px","ocean_menu_typo_font_weight":"","ocean_menu_typo_font_weight_tablet":"","ocean_menu_typo_font_weight_mobile":"","ocean_menu_typo_transform":"","ocean_menu_typo_transform_tablet":"","ocean_menu_typo_transform_mobile":"","ocean_menu_typo_line_height":0,"ocean_menu_typo_line_height_tablet":0,"ocean_menu_typo_line_height_mobile":0,"ocean_menu_typo_line_height_unit":"","ocean_menu_typo_spacing":0,"ocean_menu_typo_spacing_tablet":0,"ocean_menu_typo_spacing_mobile":0,"ocean_menu_typo_spacing_unit":"","ocean_menu_link_color":"","ocean_menu_link_color_hover":"","ocean_menu_link_color_active":"","ocean_menu_link_background":"","ocean_menu_link_hover_background":"","ocean_menu_link_active_background":"","ocean_menu_social_links_bg":"","ocean_menu_social_hover_links_bg":"","ocean_menu_social_links_color":"","ocean_menu_social_hover_links_color":"","ocean_disable_title":"default","ocean_disable_heading":"default","ocean_post_title":"","ocean_post_subheading":"","ocean_post_title_style":"","ocean_post_title_background_color":"","ocean_post_title_background":0,"ocean_post_title_bg_image_position":"","ocean_post_title_bg_image_attachment":"","ocean_post_title_bg_image_repeat":"","ocean_post_title_bg_image_size":"","ocean_post_title_height":0,"ocean_post_title_bg_overlay":0.5,"ocean_post_title_bg_overlay_color":"","ocean_disable_breadcrumbs":"default","ocean_breadcrumbs_color":"","ocean_breadcrumbs_separator_color":"","ocean_breadcrumbs_links_color":"","ocean_breadcrumbs_links_hover_color":"","ocean_display_footer_widgets":"default","ocean_display_footer_bottom":"default","ocean_custom_footer_template":"","footnotes":""},"class_list":["post-13597","page","type-page","status-publish","hentry","entry"],"yoast_head":"<!-- This site is optimized with the Yoast SEO plugin v27.4 - https:\/\/yoast.com\/product\/yoast-seo-wordpress\/ -->\n<title>V\u00e6r med - Birketrolden<\/title>\n<meta name=\"robots\" content=\"index, follow, max-snippet:-1, max-image-preview:large, max-video-preview:-1\" \/>\n<link rel=\"canonical\" href=\"https:\/\/birketrolden.dk\/?page_id=13597\" \/>\n<meta property=\"og:locale\" content=\"da_DK\" \/>\n<meta property=\"og:type\" content=\"article\" \/>\n<meta property=\"og:title\" content=\"V\u00e6r med - Birketrolden\" \/>\n<meta property=\"og:description\" content=\"V\u00e6r med Processen for at komme med er, at du f\u00f8rst deltager p\u00e5 et af vores informationsm\u00f8der\u00a0med B\u00e6rebo og vores beboerrepr\u00e6sentanter. S\u00e5 taler du 1-1 med en beboerrepr\u00e6sentant fra Hvervegruppen. Er der derefter et gensidigt match, inviteres du til et beboerm\u00f8de. Herefter har du mulighed for at underskrive lejekontrakt\u00a0(med mulighed for efterf\u00f8lgende k\u00f8b) og er [&hellip;]\" \/>\n<meta property=\"og:url\" content=\"https:\/\/birketrolden.dk\/?page_id=13597\" \/>\n<meta property=\"og:site_name\" content=\"Birketrolden\" \/>\n<meta property=\"article:modified_time\" content=\"2025-01-31T10:13:35+00:00\" \/>\n<meta property=\"og:image\" content=\"https:\/\/birketrolden.dk\/wp-content\/uploads\/2025\/01\/nyt-billede-scaled.jpg\" \/>\n\t<meta property=\"og:image:width\" content=\"2560\" \/>\n\t<meta property=\"og:image:height\" content=\"1920\" \/>\n\t<meta property=\"og:image:type\" content=\"image\/jpeg\" \/>\n<meta name=\"twitter:card\" content=\"summary_large_image\" \/>\n<meta name=\"twitter:label1\" content=\"Estimeret l\u00e6setid\" \/>\n\t<meta name=\"twitter:data1\" content=\"1 minut\" \/>\n<script type=\"application\/ld+json\" class=\"yoast-schema-graph\">{\"@context\":\"https:\\\/\\\/schema.org\",\"@graph\":[{\"@type\":\"WebPage\",\"@id\":\"https:\\\/\\\/birketrolden.dk\\\/?page_id=13597\",\"url\":\"https:\\\/\\\/birketrolden.dk\\\/?page_id=13597\",\"name\":\"V\u00e6r med - Birketrolden\",\"isPartOf\":{\"@id\":\"https:\\\/\\\/birketrolden.dk\\\/#website\"},\"primaryImageOfPage\":{\"@id\":\"https:\\\/\\\/birketrolden.dk\\\/?page_id=13597#primaryimage\"},\"image\":{\"@id\":\"https:\\\/\\\/birketrolden.dk\\\/?page_id=13597#primaryimage\"},\"thumbnailUrl\":\"https:\\\/\\\/birketrolden.dk\\\/wp-content\\\/uploads\\\/2025\\\/01\\\/nyt-billede-768x576.jpg\",\"datePublished\":\"2025-01-28T19:32:19+00:00\",\"dateModified\":\"2025-01-31T10:13:35+00:00\",\"breadcrumb\":{\"@id\":\"https:\\\/\\\/birketrolden.dk\\\/?page_id=13597#breadcrumb\"},\"inLanguage\":\"da-DK\",\"potentialAction\":[{\"@type\":\"ReadAction\",\"target\":[\"https:\\\/\\\/birketrolden.dk\\\/?page_id=13597\"]}]},{\"@type\":\"ImageObject\",\"inLanguage\":\"da-DK\",\"@id\":\"https:\\\/\\\/birketrolden.dk\\\/?page_id=13597#primaryimage\",\"url\":\"https:\\\/\\\/birketrolden.dk\\\/wp-content\\\/uploads\\\/2025\\\/01\\\/nyt-billede-scaled.jpg\",\"contentUrl\":\"https:\\\/\\\/birketrolden.dk\\\/wp-content\\\/uploads\\\/2025\\\/01\\\/nyt-billede-scaled.jpg\",\"width\":2560,\"height\":1920},{\"@type\":\"BreadcrumbList\",\"@id\":\"https:\\\/\\\/birketrolden.dk\\\/?page_id=13597#breadcrumb\",\"itemListElement\":[{\"@type\":\"ListItem\",\"position\":1,\"name\":\"Home\",\"item\":\"https:\\\/\\\/birketrolden.dk\\\/\"},{\"@type\":\"ListItem\",\"position\":2,\"name\":\"V\u00e6r med\"}]},{\"@type\":\"WebSite\",\"@id\":\"https:\\\/\\\/birketrolden.dk\\\/#website\",\"url\":\"https:\\\/\\\/birketrolden.dk\\\/\",\"name\":\"Birketrolden\",\"description\":\"\",\"publisher\":{\"@id\":\"https:\\\/\\\/birketrolden.dk\\\/#organization\"},\"potentialAction\":[{\"@type\":\"SearchAction\",\"target\":{\"@type\":\"EntryPoint\",\"urlTemplate\":\"https:\\\/\\\/birketrolden.dk\\\/?s={search_term_string}\"},\"query-input\":{\"@type\":\"PropertyValueSpecification\",\"valueRequired\":true,\"valueName\":\"search_term_string\"}}],\"inLanguage\":\"da-DK\"},{\"@type\":\"Organization\",\"@id\":\"https:\\\/\\\/birketrolden.dk\\\/#organization\",\"name\":\"Birketrolden\",\"url\":\"https:\\\/\\\/birketrolden.dk\\\/\",\"logo\":{\"@type\":\"ImageObject\",\"inLanguage\":\"da-DK\",\"@id\":\"https:\\\/\\\/birketrolden.dk\\\/#\\\/schema\\\/logo\\\/image\\\/\",\"url\":\"https:\\\/\\\/birketrolden.dk\\\/wp-content\\\/uploads\\\/2026\\\/02\\\/birketrolden_logo.png\",\"contentUrl\":\"https:\\\/\\\/birketrolden.dk\\\/wp-content\\\/uploads\\\/2026\\\/02\\\/birketrolden_logo.png\",\"width\":934,\"height\":925,\"caption\":\"Birketrolden\"},\"image\":{\"@id\":\"https:\\\/\\\/birketrolden.dk\\\/#\\\/schema\\\/logo\\\/image\\\/\"}}]}<\/script>\n<!-- \/ Yoast SEO plugin. -->","yoast_head_json":{"title":"V\u00e6r med - Birketrolden","robots":{"index":"index","follow":"follow","max-snippet":"max-snippet:-1","max-image-preview":"max-image-preview:large","max-video-preview":"max-video-preview:-1"},"canonical":"https:\/\/birketrolden.dk\/?page_id=13597","og_locale":"da_DK","og_type":"article","og_title":"V\u00e6r med - Birketrolden","og_description":"V\u00e6r med Processen for at komme med er, at du f\u00f8rst deltager p\u00e5 et af vores informationsm\u00f8der\u00a0med B\u00e6rebo og vores beboerrepr\u00e6sentanter. S\u00e5 taler du 1-1 med en beboerrepr\u00e6sentant fra Hvervegruppen. Er der derefter et gensidigt match, inviteres du til et beboerm\u00f8de. Herefter har du mulighed for at underskrive lejekontrakt\u00a0(med mulighed for efterf\u00f8lgende k\u00f8b) og er [&hellip;]","og_url":"https:\/\/birketrolden.dk\/?page_id=13597","og_site_name":"Birketrolden","article_modified_time":"2025-01-31T10:13:35+00:00","og_image":[{"width":2560,"height":1920,"url":"https:\/\/birketrolden.dk\/wp-content\/uploads\/2025\/01\/nyt-billede-scaled.jpg","type":"image\/jpeg"}],"twitter_card":"summary_large_image","twitter_misc":{"Estimeret l\u00e6setid":"1 minut"},"schema":{"@context":"https:\/\/schema.org","@graph":[{"@type":"WebPage","@id":"https:\/\/birketrolden.dk\/?page_id=13597","url":"https:\/\/birketrolden.dk\/?page_id=13597","name":"V\u00e6r med - Birketrolden","isPartOf":{"@id":"https:\/\/birketrolden.dk\/#website"},"primaryImageOfPage":{"@id":"https:\/\/birketrolden.dk\/?page_id=13597#primaryimage"},"image":{"@id":"https:\/\/birketrolden.dk\/?page_id=13597#primaryimage"},"thumbnailUrl":"https:\/\/birketrolden.dk\/wp-content\/uploads\/2025\/01\/nyt-billede-768x576.jpg","datePublished":"2025-01-28T19:32:19+00:00","dateModified":"2025-01-31T10:13:35+00:00","breadcrumb":{"@id":"https:\/\/birketrolden.dk\/?page_id=13597#breadcrumb"},"inLanguage":"da-DK","potentialAction":[{"@type":"ReadAction","target":["https:\/\/birketrolden.dk\/?page_id=13597"]}]},{"@type":"ImageObject","inLanguage":"da-DK","@id":"https:\/\/birketrolden.dk\/?page_id=13597#primaryimage","url":"https:\/\/birketrolden.dk\/wp-content\/uploads\/2025\/01\/nyt-billede-scaled.jpg","contentUrl":"https:\/\/birketrolden.dk\/wp-content\/uploads\/2025\/01\/nyt-billede-scaled.jpg","width":2560,"height":1920},{"@type":"BreadcrumbList","@id":"https:\/\/birketrolden.dk\/?page_id=13597#breadcrumb","itemListElement":[{"@type":"ListItem","position":1,"name":"Home","item":"https:\/\/birketrolden.dk\/"},{"@type":"ListItem","position":2,"name":"V\u00e6r med"}]},{"@type":"WebSite","@id":"https:\/\/birketrolden.dk\/#website","url":"https:\/\/birketrolden.dk\/","name":"Birketrolden","description":"","publisher":{"@id":"https:\/\/birketrolden.dk\/#organization"},"potentialAction":[{"@type":"SearchAction","target":{"@type":"EntryPoint","urlTemplate":"https:\/\/birketrolden.dk\/?s={search_term_string}"},"query-input":{"@type":"PropertyValueSpecification","valueRequired":true,"valueName":"search_term_string"}}],"inLanguage":"da-DK"},{"@type":"Organization","@id":"https:\/\/birketrolden.dk\/#organization","name":"Birketrolden","url":"https:\/\/birketrolden.dk\/","logo":{"@type":"ImageObject","inLanguage":"da-DK","@id":"https:\/\/birketrolden.dk\/#\/schema\/logo\/image\/","url":"https:\/\/birketrolden.dk\/wp-content\/uploads\/2026\/02\/birketrolden_logo.png","contentUrl":"https:\/\/birketrolden.dk\/wp-content\/uploads\/2026\/02\/birketrolden_logo.png","width":934,"height":925,"caption":"Birketrolden"},"image":{"@id":"https:\/\/birketrolden.dk\/#\/schema\/logo\/image\/"}}]}},"_links":{"self":[{"href":"https:\/\/birketrolden.dk\/index.php?rest_route=\/wp\/v2\/pages\/13597","targetHints":{"allow":["GET"]}}],"collection":[{"href":"https:\/\/birketrolden.dk\/index.php?rest_route=\/wp\/v2\/pages"}],"about":[{"href":"https:\/\/birketrolden.dk\/index.php?rest_route=\/wp\/v2\/types\/page"}],"author":[{"embeddable":true,"href":"https:\/\/birketrolden.dk\/index.php?rest_route=\/wp\/v2\/users\/3"}],"replies":[{"embeddable":true,"href":"https:\/\/birketrolden.dk\/index.php?rest_route=%2Fwp%2Fv2%2Fcomments&post=13597"}],"version-history":[{"count":19,"href":"https:\/\/birketrolden.dk\/index.php?rest_route=\/wp\/v2\/pages\/13597\/revisions"}],"predecessor-version":[{"id":13976,"href":"https:\/\/birketrolden.dk\/index.php?rest_route=\/wp\/v2\/pages\/13597\/revisions\/13976"}],"wp:attachment":[{"href":"https:\/\/birketrolden.dk\/index.php?rest_route=%2Fwp%2Fv2%2Fmedia&parent=13597"}],"curies":[{"name":"wp","href":"https:\/\/api.w.org\/{rel}","templated":true}]}}